{"id":1763,"date":"2023-08-23T13:01:58","date_gmt":"2023-08-23T11:01:58","guid":{"rendered":"https:\/\/grupbrm.cat\/formacio\/?page_id=1763"},"modified":"2024-09-17T09:30:33","modified_gmt":"2024-09-17T07:30:33","slug":"politica-de-privacitat","status":"publish","type":"page","link":"https:\/\/grupbrm.cat\/formacio\/es\/politica-de-privacitat\/","title":{"rendered":"Pol\u00edtica de Privacidad"},"content":{"rendered":"<div class=\"fusion-fullwidth fullwidth-box fusion-builder-row-1 fusion-flex-container nonhundred-percent-fullwidth non-hundred-percent-height-scrolling\" style=\"--awb-border-radius-top-left:0px;--awb-border-radius-top-right:0px;--awb-border-radius-bottom-right:0px;--awb-border-radius-bottom-left:0px;--awb-flex-wrap:wrap;\" ><div class=\"fusion-builder-row fusion-row fusion-flex-align-items-flex-start fusion-flex-content-wrap\" style=\"max-width:1248px;margin-left: calc(-4% \/ 2 );margin-right: calc(-4% \/ 2 );\"><div class=\"fusion-layout-column fusion_builder_column fusion-builder-column-0 fusion_builder_column_1_1 1_1 fusion-flex-column\" style=\"--awb-bg-blend:overlay;--awb-bg-size:cover;--awb-width-large:100%;--awb-margin-top-large:0px;--awb-spacing-right-large:1.92%;--awb-margin-bottom-large:0px;--awb-spacing-left-large:1.92%;--awb-width-medium:100%;--awb-spacing-right-medium:1.92%;--awb-spacing-left-medium:1.92%;--awb-width-small:100%;--awb-spacing-right-small:1.92%;--awb-spacing-left-small:1.92%;\"><div class=\"fusion-column-wrapper fusion-flex-justify-content-flex-start fusion-content-layout-column\"><div class=\"fusion-text fusion-text-1\" style=\"--awb-text-color:var(--awb-color5);\"><h1><strong style=\"color: var(--awb-color5);\">Pol\u00edtica de Privacidad<\/strong><\/h1>\n<p style=\"color: var(--awb-color5);\">CENTRO DE FORMACI\u00d3N BRM, MORA DE EBRO, informa los usuarios del sitio web sobre su pol\u00edtica respecto al tratamiento y protecci\u00f3n de los datos de car\u00e1cter personal de los usuarios y clientes.<\/p>\n<p style=\"color: var(--awb-color5);\">Y garantiza en todo momento el \u00edntegro y pleno cumplimiento de las obligaciones dispuestas por la normativa de protecci\u00f3n de datos y servicios de la sociedad de la informaci\u00f3n: Reglamento (UE) 2016\/679 del Parlamento Europeo y del Consejo, de 27 de abril de 2016, relativo a la protecci\u00f3n de las personas f\u00edsicas en lo que se refiere al tratamiento de datos personales y a la libre circulaci\u00f3n de estos datos (RGPD), la normativa Ley Org\u00e1nica 3\/2018, de 5 de diciembre, de Protecci\u00f3n de Datos Personales y garant\u00eda de los derechos digitales (LOPDGDD) y la Ley 34\/2002, del 11 de julio, de Servicios de la Sociedad de la Informaci\u00f3n y del Comercio Electr\u00f3nico (LSSIce).<\/p>\n<p><strong style=\"color: var(--awb-color5);\">RESPONSABLE DEL TRATAMIENTO<\/strong><\/p>\n<p>CENTRO DE FORMACI\u00d3N BRM, MORA DE EBRO<\/p>\n<p style=\"color: var(--awb-color5);\">Domicilio:<a href=\"https:\/\/www.google.es\/maps\/place\/Acad%C3%A8mia+BRM\/@41.0875543,0.6310205,17z\/data=!4m10!1m2!2m1!1sbrm+!3m6!1s0x12a127adf31f8455:0xffd12d175fb19df8!8m2!3d41.08758!4d0.63574!15sCgNicm3gAQA!16s%2Fg%2F11p779pzjw?entry=ttu\" target=\"_blank\" rel=\"noopener\"> Avenida Comarcas Catalanas 74 bx 43740 \u2013 Mora de Ebro<\/a><\/p>\n<p style=\"color: var(--awb-color5);\">T\u00e9lefono: 977402291 \u2013 722389015<\/p>\n<p style=\"color: var(--awb-color5);\">Correo electr\u00f3nico: <a href=\"mailto:japeig@grupbrm.com\" target=\"_blank\" rel=\"noopener\">japeig@grupbrm.com<\/a><\/p>\n<p><strong style=\"color: var(--awb-color5);\">FINALIDADES DEL TRATAMIENTO DE LOS DATOS<\/strong><\/p>\n<p style=\"color: var(--awb-color5);\">Los datos facilitados por el Usuario son utilizados para diversas finalidades que se enumeran a continuaci\u00f3n:<\/p>\n<table width=\"876\">\n<tbody>\n<tr>\n<td width=\"436\"><strong style=\"color: var(--awb-color5);\">Finalidad del tratamiento<\/strong><\/td>\n<td width=\"439\"><strong style=\"color: var(--awb-color5);\">Base jur\u00eddica para el tratamiento<\/strong><\/td>\n<\/tr>\n<tr>\n<td width=\"436\"><span style=\"color: var(--awb-color5);\">Gestionar las consultas planteadas a trav\u00e9s del formulario de consulta<\/span><\/td>\n<td width=\"439\"><span style=\"color: var(--awb-color5);\">Inter\u00e9s leg\u00edtimo de la Sociedad por atender los requerimientos de informaci\u00f3n a trav\u00e9s de la web.<\/span><\/p>\n<p style=\"color: var(--awb-color5);\">Consentimiento prestado de forma expresa en el momento de recogida de los datos a trav\u00e9s de los formularios web.<\/p>\n<\/td>\n<\/tr>\n<tr>\n<td width=\"436\"><span style=\"color: var(--awb-color5);\">Env\u00edo de newsletters, comunicaciones comerciales y promociones.<\/span><\/td>\n<td width=\"439\"><span style=\"color: var(--awb-color5);\">Consentimiento prestado de forma expresa en el momento de recogida de los datos a trav\u00e9s de los formularios web.<\/span><\/td>\n<\/tr>\n<tr>\n<td width=\"436\"><span style=\"color: var(--awb-color5);\">Gestionar las incidencias y el mantenimiento de la web.<\/span><\/td>\n<td width=\"439\"><span style=\"color: var(--awb-color5);\">Inter\u00e9s leg\u00edtimo de la Sociedad.<\/span><\/p>\n<p style=\"color: var(--awb-color5);\">\n<\/td>\n<\/tr>\n<\/tbody>\n<\/table>\n<p><strong style=\"color: var(--awb-color5);\">PLAZO DE CONSERVACI\u00d3N DE LOS DATOS<\/strong><\/p>\n<table width=\"876\">\n<tbody>\n<tr>\n<td width=\"436\"><strong style=\"color: var(--awb-color5);\">Finalidad del tratamiento<\/strong><\/td>\n<td width=\"439\"><strong style=\"color: var(--awb-color5);\">Plazo de conservaci\u00f3n<\/strong><\/td>\n<\/tr>\n<tr>\n<td width=\"436\"><span style=\"color: var(--awb-color5);\">Gestionar las consultas planteadas a trav\u00e9s del formulario de consulta<\/span><\/td>\n<td width=\"439\"><span style=\"color: var(--awb-color5);\">Trataremos tus datos durante el tiempo que sea necesario para atender a tu solicitud o petici\u00f3n.<\/span><\/td>\n<\/tr>\n<tr>\n<td width=\"436\"><span style=\"color: var(--awb-color5);\">Env\u00edo de newsletters, comunicaciones comerciales y promociones.<\/span><\/td>\n<td width=\"439\"><span style=\"color: var(--awb-color5);\">Trataremos tus datos hasta que te des de baja.<\/span><\/td>\n<\/tr>\n<tr>\n<td width=\"436\"><span style=\"color: var(--awb-color5);\">Gestionar las incidencias y el mantenimiento de la web.<\/span><\/td>\n<td width=\"439\"><span style=\"color: var(--awb-color5);\">Trataremos sus datos durante el tiempo necesario para cumplir los plazos legales de prescripci\u00f3n que le resulten de aplicaci\u00f3n.<\/span><\/td>\n<\/tr>\n<\/tbody>\n<\/table>\n<p><strong style=\"color: var(--awb-color5);\">DESTINATARIOS DE LOS DATOS<\/strong><\/p>\n<p style=\"color: var(--awb-color5);\">Para cumplir las finalidades indicadas en la presente Pol\u00edtica de Privacidad, es necesario que demos acceso a tus datos personales a terceras partes que nos apoyen en los servicios que te ofrecemos (Encarados de Tratamiento).<\/p>\n<p style=\"color: var(--awb-color5);\">Los encargados de tratamiento para la ejecuci\u00f3n de un contrato o prestaci\u00f3n de un servicio al Responsable, siguiendo por ello sus instrucciones en todo momento y asegurando los mismos niveles de seguridad.<\/p>\n<p><strong style=\"color: var(--awb-color5);\">DERECHOS DE LOS USUARIOS<\/strong><\/p>\n<p style=\"color: var(--awb-color5);\">El usuario tiene derecho a:<\/p>\n<ul>\n<li><span style=\"color: var(--awb-color5);\">Solicitar el acceso a sus datos personales que se est\u00e1n tratando y recibir esta informaci\u00f3n por escrito por el medio solicitado.<\/span><\/li>\n<li><span style=\"color: var(--awb-color5);\">Solicitar la rectificaci\u00f3n de los datos personales inexactos o, en su caso, solicitar su supresi\u00f3n cuando, entre otros motivos, los datos ya no sean necesarios para la finalidad por la que fueron recogidos.<\/span><\/li>\n<li><span style=\"color: var(--awb-color5);\">Solicitar la limitaci\u00f3n del tratamiento de sus datos.<\/span><\/li>\n<li><span style=\"color: var(--awb-color5);\">Oponerse al tratamiento de sus datos personales cuando proceda, en cuyo caso se dejar\u00e1n de tratar sus datos, salvo por motivos leg\u00edtimos.<\/span><\/li>\n<li><span style=\"color: var(--awb-color5);\">Derecho a la portabilidad de los datos. El interesado\/interesada tiene derecho a recibir los datos personales si han sido facilitados en un formato estructurado, de uso com\u00fan y de lectura mec\u00e1nica, ya transmitirlos a otro responsable, si se cumplen los siguientes requisitos:<\/span><\/li>\n<\/ul>\n<ol>\n<li><span style=\"color: var(--awb-color5);\">El tratamiento se basa en el consentimiento o contrato.<\/span><\/li>\n<li><span style=\"color: var(--awb-color5);\">El tratamiento se realiza por medios automatizados.<\/span><\/li>\n<\/ol>\n<ul>\n<li><span style=\"color: var(--awb-color5);\">Derecho a retirar el consentimiento prestado.<\/span><\/li>\n<li><span style=\"color: var(--awb-color5);\">Derecho a reclamar ante la Agencia Espa\u00f1ola de Protecci\u00f3n de Datos.<\/span><\/li>\n<\/ul>\n<p style=\"color: var(--awb-color5);\">El usuario puede ejercitar los derechos anteriormente indicados en la direcci\u00f3n de correo postal o electr\u00f3nica del Responsable, acreditando su identidad con copia escaneada de su DNI o documento equivalente, y especificando el derecho que desea ejercer.<\/p>\n<p><strong style=\"color: var(--awb-color5);\">PROCEDENCIA DE LOS DATOS<\/strong><\/p>\n<p style=\"color: var(--awb-color5);\">Los datos personales deben ser facilitados por el propio interesado de forma absolutamente voluntaria. La falta de algunos datos o la no respuesta de preguntas que puedan formularse a la persona interesada en los procesos de registro oa trav\u00e9s de formularios electr\u00f3nicos, puede provocar la imposibilidad de acceso a determinados servicios para cuya prestaci\u00f3n es imprescindible de disponer de estos datos de car\u00e1cter personal. En este caso, el Responsable del Tratamiento debe informar del car\u00e1cter obligatorio o necesario de facilitar los datos personales para el funcionamiento del servicio.<\/p>\n<p style=\"color: var(--awb-color5);\">El Responsable asegura la confidencialidad de sus datos personales y garantiza la seguridad de los mismos, adoptando las medidas necesarias para evitar su alteraci\u00f3n, p\u00e9rdida, tratamiento o acceso no autorizado.<\/p>\n<p><strong style=\"color: var(--awb-color5);\">INFORMACI\u00d3N FACILITADA POR EL INTERESADO\/INTERESADA<\/strong><\/p>\n<p style=\"color: var(--awb-color5);\">Los menores de 18 a\u00f1os no pueden ceder sus datos personales sin el previo consentimiento de su padre\/madre y\/o tutores legales.<\/p>\n<p style=\"color: var(--awb-color5);\">El interesado\/interesada introduciendo sus datos en los formularios de contacto o presentados en formularios de descarga, aceptan expresamente y de forma libre e inequ\u00edvoca que sus datos son necesarios para que el Responsable atienda su petici\u00f3n, siendo voluntaria la inclusi\u00f3n de datos en los campos restantes.<\/p>\n<p style=\"color: var(--awb-color5);\">El interesado\/interesada garantiza que los datos personales facilitados al prestamista son veraces y se hace responsable de comunicar cualquier modificaci\u00f3n de los mismos.<\/p>\n<p style=\"color: var(--awb-color5);\">Todos los datos solicitados a trav\u00e9s del sitio web son necesarios para la prestaci\u00f3n de un servicio \u00f3ptimo al interesado\/interesada. En caso de que no sean facilitados todos los datos, no se garantiza que la informaci\u00f3n y servicios que el responsable le facilite, sean completamente ajustados a sus necesidades.<\/p>\n<p><strong style=\"color: var(--awb-color5);\">MEDIDAS DE SEGURIDAD<\/strong><\/p>\n<p style=\"color: var(--awb-color5);\">Que de conformidad con lo dispuesto en las normativas vigentes en materia de protecci\u00f3n de datos personales, el Responsable est\u00e1 cumpliendo con todas las disposiciones de las normativas RGPD y LOPDGDD para el tratamiento de los datos personales de su responsabilidad, y manifiestamente con los principios descritos en el art\u00edculo 5 del RGPD y en el art\u00edculo 4 de la LOPDGDD, por los que son tratados de manera l\u00edcita, leal y transparente en relaci\u00f3n con el interesado y adecuadas, pertinentes y limitados a lo necesario en relaci\u00f3n con los fines a los que son tratados.<\/p>\n<p style=\"color: var(--awb-color5);\">El responsable garantiza que ha implementado pol\u00edticas t\u00e9cnicas y organizativas apropiadas para aplicar las medidas de seguridad que establecen el RGPD y la LOPDGDD para proteger los derechos y libertades del interesado\/interesada y les ha comunicado la informaci\u00f3n adecuada para que puedan ejercerlos.<\/p>\n<p><strong style=\"color: var(--awb-color5);\">BRECHAS DE SEGURIDAD<\/strong><\/p>\n<p style=\"color: var(--awb-color5);\">El Responsable informar\u00e0 sobre qualsevol bretxa de seguretat que afecti la base de dades que utilitza aquest lloc web, o que afecti a qualsevol dels nostres serveis de tercers, a totes i cadascuna de les persones, dades dels quals puguin haver estat afectades, i autoritats, dins de les 72 hores seg\u00fcents a la detecci\u00f3 de la bretxa.<\/p>\n<p><strong style=\"color: var(--awb-color5);\">LEGISLACI\u00d3N APLICABLE Y JURISDICCI\u00d3N<\/strong><\/p>\n<p style=\"color: var(--awb-color5);\">Para la resoluci\u00f3n de todas las controversias o cuestiones relacionadas con el presente sitio web o de las actividades en \u00e9l desarrolladas, ser\u00e1 de aplicaci\u00f3n la legislaci\u00f3n espa\u00f1ola, a la que se someten expresamente las partes, siendo competentes para la resoluci\u00f3n de todos los conflictos derivados o relacionados con su uso los Juzgados y Tribunales de Tarragona.<\/p>\n<\/div><\/div><\/div><\/div><\/div>","protected":false},"excerpt":{"rendered":"","protected":false},"author":2,"featured_media":0,"parent":0,"menu_order":0,"comment_status":"closed","ping_status":"closed","template":"100-width.php","meta":{"footnotes":""},"class_list":["post-1763","page","type-page","status-publish","hentry"],"yoast_head":"<!-- This site is optimized with the Yoast SEO plugin v27.2 - https:\/\/yoast.com\/product\/yoast-seo-wordpress\/ -->\n<title>Pol\u00edtica de Privacitat - Formaci\u00f3 BRM<\/title>\n<meta name=\"description\" content=\"Pol\u00edtica de Privacitat: garanteix en tot moment l\u2019\u00edntegre i ple compliment de les obligacions disposades per la normativa de protecci\u00f3 de dades i serveis...\" \/>\n<meta name=\"robots\" content=\"index, follow, max-snippet:-1, max-image-preview:large, max-video-preview:-1\" \/>\n<link rel=\"canonical\" href=\"https:\/\/grupbrm.cat\/formacio\/es\/politica-de-privacitat\/\" \/>\n<meta property=\"og:locale\" content=\"es_ES\" \/>\n<meta property=\"og:type\" content=\"article\" \/>\n<meta property=\"og:title\" content=\"Pol\u00edtica de Privacitat - Formaci\u00f3 BRM\" \/>\n<meta property=\"og:description\" content=\"Pol\u00edtica de Privacitat: garanteix en tot moment l\u2019\u00edntegre i ple compliment de les obligacions disposades per la normativa de protecci\u00f3 de dades i serveis...\" \/>\n<meta property=\"og:url\" content=\"https:\/\/grupbrm.cat\/formacio\/es\/politica-de-privacitat\/\" \/>\n<meta property=\"og:site_name\" content=\"Formaci\u00f3 BRM\" \/>\n<meta property=\"article:modified_time\" content=\"2024-09-17T07:30:33+00:00\" \/>\n<meta name=\"twitter:card\" content=\"summary_large_image\" \/>\n<meta name=\"twitter:label1\" content=\"Tiempo de lectura\" \/>\n\t<meta name=\"twitter:data1\" content=\"7 minutos\" \/>\n<script type=\"application\/ld+json\" class=\"yoast-schema-graph\">{\"@context\":\"https:\/\/schema.org\",\"@graph\":[{\"@type\":\"WebPage\",\"@id\":\"https:\/\/grupbrm.cat\/formacio\/politica-de-privacitat\/\",\"url\":\"https:\/\/grupbrm.cat\/formacio\/politica-de-privacitat\/\",\"name\":\"Pol\u00edtica de Privacitat - Formaci\u00f3 BRM\",\"isPartOf\":{\"@id\":\"https:\/\/grupbrm.cat\/formacio\/#website\"},\"datePublished\":\"2023-08-23T11:01:58+00:00\",\"dateModified\":\"2024-09-17T07:30:33+00:00\",\"description\":\"Pol\u00edtica de Privacitat: garanteix en tot moment l\u2019\u00edntegre i ple compliment de les obligacions disposades per la normativa de protecci\u00f3 de dades i serveis...\",\"breadcrumb\":{\"@id\":\"https:\/\/grupbrm.cat\/formacio\/politica-de-privacitat\/#breadcrumb\"},\"inLanguage\":\"es\",\"potentialAction\":[{\"@type\":\"ReadAction\",\"target\":[\"https:\/\/grupbrm.cat\/formacio\/politica-de-privacitat\/\"]}]},{\"@type\":\"BreadcrumbList\",\"@id\":\"https:\/\/grupbrm.cat\/formacio\/politica-de-privacitat\/#breadcrumb\",\"itemListElement\":[{\"@type\":\"ListItem\",\"position\":1,\"name\":\"Inici\",\"item\":\"https:\/\/grupbrm.cat\/formacio\/\"},{\"@type\":\"ListItem\",\"position\":2,\"name\":\"Pol\u00edtica de Privacitat\"}]},{\"@type\":\"WebSite\",\"@id\":\"https:\/\/grupbrm.cat\/formacio\/#website\",\"url\":\"https:\/\/grupbrm.cat\/formacio\/\",\"name\":\"Formaci\u00f3 BRM\",\"description\":\"Centre de Formaci\u00f3 BRM\",\"potentialAction\":[{\"@type\":\"SearchAction\",\"target\":{\"@type\":\"EntryPoint\",\"urlTemplate\":\"https:\/\/grupbrm.cat\/formacio\/?s={search_term_string}\"},\"query-input\":{\"@type\":\"PropertyValueSpecification\",\"valueRequired\":true,\"valueName\":\"search_term_string\"}}],\"inLanguage\":\"es\"}]}<\/script>\n<!-- \/ Yoast SEO plugin. -->","yoast_head_json":{"title":"Pol\u00edtica de Privacitat - Formaci\u00f3 BRM","description":"Pol\u00edtica de Privacitat: garanteix en tot moment l\u2019\u00edntegre i ple compliment de les obligacions disposades per la normativa de protecci\u00f3 de dades i serveis...","robots":{"index":"index","follow":"follow","max-snippet":"max-snippet:-1","max-image-preview":"max-image-preview:large","max-video-preview":"max-video-preview:-1"},"canonical":"https:\/\/grupbrm.cat\/formacio\/es\/politica-de-privacitat\/","og_locale":"es_ES","og_type":"article","og_title":"Pol\u00edtica de Privacitat - Formaci\u00f3 BRM","og_description":"Pol\u00edtica de Privacitat: garanteix en tot moment l\u2019\u00edntegre i ple compliment de les obligacions disposades per la normativa de protecci\u00f3 de dades i serveis...","og_url":"https:\/\/grupbrm.cat\/formacio\/es\/politica-de-privacitat\/","og_site_name":"Formaci\u00f3 BRM","article_modified_time":"2024-09-17T07:30:33+00:00","twitter_card":"summary_large_image","twitter_misc":{"Tiempo de lectura":"7 minutos"},"schema":{"@context":"https:\/\/schema.org","@graph":[{"@type":"WebPage","@id":"https:\/\/grupbrm.cat\/formacio\/politica-de-privacitat\/","url":"https:\/\/grupbrm.cat\/formacio\/politica-de-privacitat\/","name":"Pol\u00edtica de Privacitat - Formaci\u00f3 BRM","isPartOf":{"@id":"https:\/\/grupbrm.cat\/formacio\/#website"},"datePublished":"2023-08-23T11:01:58+00:00","dateModified":"2024-09-17T07:30:33+00:00","description":"Pol\u00edtica de Privacitat: garanteix en tot moment l\u2019\u00edntegre i ple compliment de les obligacions disposades per la normativa de protecci\u00f3 de dades i serveis...","breadcrumb":{"@id":"https:\/\/grupbrm.cat\/formacio\/politica-de-privacitat\/#breadcrumb"},"inLanguage":"es","potentialAction":[{"@type":"ReadAction","target":["https:\/\/grupbrm.cat\/formacio\/politica-de-privacitat\/"]}]},{"@type":"BreadcrumbList","@id":"https:\/\/grupbrm.cat\/formacio\/politica-de-privacitat\/#breadcrumb","itemListElement":[{"@type":"ListItem","position":1,"name":"Inici","item":"https:\/\/grupbrm.cat\/formacio\/"},{"@type":"ListItem","position":2,"name":"Pol\u00edtica de Privacitat"}]},{"@type":"WebSite","@id":"https:\/\/grupbrm.cat\/formacio\/#website","url":"https:\/\/grupbrm.cat\/formacio\/","name":"Formaci\u00f3 BRM","description":"Centre de Formaci\u00f3 BRM","potentialAction":[{"@type":"SearchAction","target":{"@type":"EntryPoint","urlTemplate":"https:\/\/grupbrm.cat\/formacio\/?s={search_term_string}"},"query-input":{"@type":"PropertyValueSpecification","valueRequired":true,"valueName":"search_term_string"}}],"inLanguage":"es"}]}},"_links":{"self":[{"href":"https:\/\/grupbrm.cat\/formacio\/es\/wp-json\/wp\/v2\/pages\/1763","targetHints":{"allow":["GET"]}}],"collection":[{"href":"https:\/\/grupbrm.cat\/formacio\/es\/wp-json\/wp\/v2\/pages"}],"about":[{"href":"https:\/\/grupbrm.cat\/formacio\/es\/wp-json\/wp\/v2\/types\/page"}],"author":[{"embeddable":true,"href":"https:\/\/grupbrm.cat\/formacio\/es\/wp-json\/wp\/v2\/users\/2"}],"replies":[{"embeddable":true,"href":"https:\/\/grupbrm.cat\/formacio\/es\/wp-json\/wp\/v2\/comments?post=1763"}],"version-history":[{"count":5,"href":"https:\/\/grupbrm.cat\/formacio\/es\/wp-json\/wp\/v2\/pages\/1763\/revisions"}],"predecessor-version":[{"id":3461,"href":"https:\/\/grupbrm.cat\/formacio\/es\/wp-json\/wp\/v2\/pages\/1763\/revisions\/3461"}],"wp:attachment":[{"href":"https:\/\/grupbrm.cat\/formacio\/es\/wp-json\/wp\/v2\/media?parent=1763"}],"curies":[{"name":"wp","href":"https:\/\/api.w.org\/{rel}","templated":true}]}}