{"id":1750,"date":"2023-08-23T12:45:35","date_gmt":"2023-08-23T10:45:35","guid":{"rendered":"https:\/\/grupbrm.cat\/formacio\/?page_id=1750"},"modified":"2024-09-17T09:30:00","modified_gmt":"2024-09-17T07:30:00","slug":"politica-de-cookies","status":"publish","type":"page","link":"https:\/\/grupbrm.cat\/formacio\/es\/politica-de-cookies\/","title":{"rendered":"Pol\u00edtica de Cookies"},"content":{"rendered":"<div class=\"fusion-fullwidth fullwidth-box fusion-builder-row-1 fusion-flex-container has-pattern-background nonhundred-percent-fullwidth non-hundred-percent-height-scrolling\" style=\"--awb-border-color:var(--awb-color5);--awb-border-radius-top-left:0px;--awb-border-radius-top-right:0px;--awb-border-radius-bottom-right:0px;--awb-border-radius-bottom-left:0px;--awb-padding-top:0px;--awb-padding-bottom:28px;--awb-padding-top-medium:130px;--awb-padding-top-small:100px;--awb-margin-top:0px;--awb-flex-wrap:wrap;\" ><div class=\"fusion-builder-row fusion-row fusion-flex-align-items-flex-start fusion-flex-content-wrap\" style=\"max-width:1248px;margin-left: calc(-4% \/ 2 );margin-right: calc(-4% \/ 2 );\"><div class=\"fusion-layout-column fusion_builder_column fusion-builder-column-0 fusion_builder_column_1_1 1_1 fusion-flex-column\" style=\"--awb-bg-blend:overlay;--awb-bg-size:cover;--awb-width-large:100%;--awb-margin-top-large:0px;--awb-spacing-right-large:1.92%;--awb-margin-bottom-large:0px;--awb-spacing-left-large:1.92%;--awb-width-medium:100%;--awb-spacing-right-medium:1.92%;--awb-spacing-left-medium:1.92%;--awb-width-small:100%;--awb-spacing-right-small:1.92%;--awb-spacing-left-small:1.92%;\"><div class=\"fusion-column-wrapper fusion-flex-justify-content-flex-start fusion-content-layout-column\"><div class=\"fusion-text fusion-text-1\" style=\"--awb-text-color:var(--awb-color5);\"><h1><strong style=\"color: var(--awb-color5);\">Pol\u00edtica de Cookies<\/strong><\/h1>\n<p style=\"color: var(--awb-color5);\">Este sitio web utiliza cookies propias y de terceros para ofrecerle una mejor experiencia y servicio. Al navegar o utilizar nuestros servicios, el usuario acepta el uso que hacemos de las cookies. Sin embargo, el usuario tiene la opci\u00f3n de impedir la generaci\u00f3n de cookies y la eliminaci\u00f3n de las mismas mediante la selecci\u00f3n de la correspondiente.<\/p>\n<p><strong style=\"color: var(--awb-color5);\">\u00bfQu\u00e8 \u00e9s una cookie?<\/strong><\/p>\n<p style=\"color: var(--awb-color5);\">Una cookie es un peque\u00f1o fragmento de texto que los sitios web env\u00edan al navegador y que se almacenan en el terminal del usuario, que puede ser un ordenador personal, un tel\u00e9fono m\u00f3vil, tableta, etc. Estos archivos permiten que el sitio web recuerde informaci\u00f3n sobre su visita, como el idioma y las opciones preferidas, lo que puede facilitar su pr\u00f3xima visita y hacer que el sitio resulte m\u00e1s \u00fatil al personalizar su contenido. Las cookies desempe\u00f1an un papel muy importante, al mejorar la experiencia de uso de la Web.<\/p>\n<p><strong style=\"color: var(--awb-color5);\">Tipos de cookies <\/strong><\/p>\n<p style=\"color: var(--awb-color5);\">Seg\u00fan la entidad que las gestione, las cookies pueden ser:<\/p>\n<ul>\n<li><strong style=\"color: var(--awb-color5);\">Cookies propias:<\/strong><span style=\"color: var(--awb-color5);\"> Son aquellas que se env\u00edan al equipo terminal del interesado desde un equipo o dominio gestionado por el propio editor y desde el que se presta el servicio solicitado por el usuario.<\/span><\/li>\n<li><strong style=\"color: var(--awb-color5);\">Cookies de terceros: <\/strong><span style=\"color: var(--awb-color5);\">Son aquellas que se env\u00edan al equipo terminal del usuario desde un equipo o dominio que no es gestionado por el editor, sino por otra entidad que trata los datos obtenidos a trav\u00e9s de las cookies.<\/span><\/li>\n<\/ul>\n<p style=\"color: var(--awb-color5);\">Seg\u00fan el plazo de tiempo que permanecen activadas:<\/p>\n<ul>\n<li><strong style=\"color: var(--awb-color5);\">Cookies de sessi\u00f3n<\/strong><span style=\"color: var(--awb-color5);\">: Son un tipo de cookies dise\u00f1adas para recabar y almacenar datos mientras el usuario accede a una p\u00e1gina web. Se suelen utilizar para almacenar informaci\u00f3n que solo interesa conservar para la prestaci\u00f3n del servicio solicitado por el usuario en una sola ocasi\u00f3n.<\/span><\/li>\n<li><strong style=\"color: var(--awb-color5);\">Cookies persistentes:<\/strong><span style=\"color: var(--awb-color5);\"> Son un tipo de cookies en el que los datos siguen almacenados en el terminal y pueden ser accedidos y tratados durante un per\u00edodo definido por el responsable de la cookie, y que puede ir de unos minutos a varios a\u00f1os.<\/span><\/li>\n<\/ul>\n<p style=\"color: var(--awb-color5);\">Seg\u00fan la finalidad para la que se traten los datos obtenidos a trav\u00e9s de las cookies, la web puede utilizar:<\/p>\n<p><strong><em><span style=\"color: var(--awb-color5);\">Cookies t\u00e9cnicas<\/span><\/em><\/strong><span style=\"color: var(--awb-color5);\"> \u2013 Son aquellas que permiten al usuario la navegaci\u00f3n a trav\u00e9s de la p\u00e1gina web o aplicaci\u00f3n y la utilizaci\u00f3n de las diferentes opciones o servicios que en ella existen. Por ejemplo, controlar el tr\u00e1fico y la comunicaci\u00f3n de datos, identificar la sesi\u00f3n, acceder a las partes web de acceso restringido, recordar los elementos que integran un pedido, realizar la solicitud de inscripci\u00f3n o participaci\u00f3n en un evento, utilizar elementos de seguridad durante la navegaci\u00f3n y almacenar contenidos para la difusi\u00f3n de v\u00eddeos o sonido.<\/span><\/p>\n<p><strong><em><span style=\"color: var(--awb-color5);\">Cookies de personalitzaci\u00f3n <\/span><\/em><\/strong><span style=\"color: var(--awb-color5);\">\u2013 Son aquellas que permiten al usuario acceder al servicio con algunas caracter\u00edsticas de car\u00e1cter general predefinidas en su terminal o que el propio usuario defina. Por ejemplo, el idioma, el tipo de navegador a trav\u00e9s del cual accede al servicio, el dise\u00f1o de contenidos seleccionado, geolocalizaci\u00f3n del terminal y la configuraci\u00f3n regional desde donde se accede al servicio.<\/span><\/p>\n<p><strong><em><span style=\"color: var(--awb-color5);\">Cookies publicitarias <\/span><\/em><\/strong><span style=\"color: var(--awb-color5);\">\u2013 Son aquellas que permiten la gesti\u00f3n eficaz de los espacios publicitarios que se han incluido en la p\u00e1gina web o aplicaci\u00f3n desde la que se presta el servicio. Permiten adecuar el contenido de la publicidad para que esta sea relevante para el usuario y para evitar mostrar anuncios que el usuario haya visto.<\/span><\/p>\n<p><strong><em><span style=\"color: var(--awb-color5);\">Cookies de an\u00e1lisis estad\u00edstico<\/span><\/em><\/strong><span style=\"color: var(--awb-color5);\"> \u2013 Son aquellas que permiten realizar el seguimiento y an\u00e1lisis del comportamiento de los usuarios en los sitios web. La informaci\u00f3n recogida mediante este tipo de cookies se utiliza en la medici\u00f3n de la actividad de los sitios web, aplicaci\u00f3n o plataforma y para la elaboraci\u00f3n de perfiles de navegaci\u00f3n de los usuarios de estos sitios, con el fin de introducir mejoras en el servicio en funci\u00f3n de los datos de uso que hacen los usuarios.<\/span><\/p>\n<p><span style=\"color: var(--awb-color5);\">Las cookies utilizadas en este sitio web las puede ver en el <\/span><strong><em><u><span style=\"color: var(--awb-color5);\">panel de configuraci\u00f3n<\/span><\/u><\/em><\/strong><span style=\"color: var(--awb-color5);\"> y ajustar su configuraci\u00f3n en cualquier momento.<\/span><\/p>\n<p style=\"color: var(--awb-color5);\">NOTA: Se puede a\u00f1adir un enlace al panel de configuraci\u00f3n o completar la siguiente tabla con la descripci\u00f3n de las cookies que la web realmente utiliza.<\/p>\n<p><strong style=\"color: var(--awb-color5);\">La identificaci\u00f3n de quien utiliza las cookies, el tipo de cookies utilizadas y otros detalles<\/strong><span style=\"color: var(--awb-color5);\">, se indica a continuaci\u00f3n:<\/span><\/p>\n<table>\n<tbody>\n<tr>\n<td colspan=\"3\" width=\"850\"><strong style=\"color: var(--awb-color5);\">Cookies propias<\/strong><\/td>\n<\/tr>\n<tr>\n<td width=\"346\"><strong style=\"color: var(--awb-color5);\">Cookies<\/strong><\/td>\n<td width=\"335\"><strong style=\"color: var(--awb-color5);\">Prop\u00f3sito<\/strong><\/td>\n<td width=\"169\"><strong style=\"color: var(--awb-color5);\">Periodo de conservaci\u00f3n<\/strong><\/td>\n<\/tr>\n<tr>\n<td width=\"346\"><\/td>\n<td width=\"335\"><\/td>\n<td width=\"169\"><\/td>\n<\/tr>\n<\/tbody>\n<\/table>\n<table>\n<tbody>\n<tr>\n<td colspan=\"4\" width=\"850\"><strong style=\"color: var(--awb-color5);\">Cookies de terceros<\/strong><\/td>\n<\/tr>\n<tr>\n<td width=\"150\"><strong style=\"color: var(--awb-color5);\">Cookies<\/strong><\/td>\n<td width=\"176\"><strong style=\"color: var(--awb-color5);\">Entidad que utilizan las cookies<\/strong><\/td>\n<td width=\"346\"><strong style=\"color: var(--awb-color5);\">Prop\u00f3sito<\/strong><\/td>\n<td width=\"178\"><strong style=\"color: var(--awb-color5);\">M\u00e1s informaci\u00f3n<\/strong><\/td>\n<\/tr>\n<tr>\n<td width=\"150\"><\/td>\n<td width=\"176\"><span style=\"color: var(--awb-color5);\">Google Analytics<\/span><\/td>\n<td width=\"346\"><span style=\"color: var(--awb-color5);\">Recoger informaci\u00f3n sobre la navegaci\u00f3n de los usuarios por el sitio con el fin de conocer el origen de las visitas y otros datos similares a nivel estad\u00edstico.<\/span><\/td>\n<td width=\"178\"><a style=\"color: var(--awb-color5);\" href=\"about:blank?trp-edit-translation=preview\">Google Analytics<\/a><\/p>\n<p><a style=\"color: var(--awb-color5);\" href=\"about:blank?trp-edit-translation=preview\">Centro de privacidad de Google<\/a><\/td>\n<\/tr>\n<\/tbody>\n<\/table>\n<p style=\"color: var(--awb-color5);\">Nota: Las cookies de tipo \u201cPropias\u201d son utilizadas s\u00f3lo por el propietario de esta web y las cookies \u201cDe terceros\u201d son utilizadas, tambi\u00e9n, por el prestador del servicio detallado en la tabla anterior.<\/p>\n<p style=\"color: var(--awb-color5);\">Puede informarse de las transferencias a terceros pa\u00edses que, en su caso, realizan los terceros identificados en esta pol\u00edtica de cookies en sus correspondientes pol\u00edticas (ver los enlaces facilitados en el apartado \u201cM\u00e1s informaci\u00f3n\u201d de la tabla anterior).<\/p>\n<p><strong style=\"color: var(--awb-color5);\">\u00bfC\u00f3mo administrar cookies en su navegador?<\/strong><\/p>\n<p style=\"color: var(--awb-color5);\">El usuario tiene la opci\u00f3n de permitir, bloquear o eliminar las cookies instaladas en su equipo mediante la configuraci\u00f3n de las opciones del navegador instalado en su terminal:<\/p>\n<ul>\n<li><strong style=\"color: var(--awb-color5);\">Firefox<\/strong><span style=\"color: var(--awb-color5);\">:<\/span><\/li>\n<\/ul>\n<p><a style=\"color: var(--awb-color5);\" href=\"about:blank?trp-edit-translation=preview\">http:\/\/support.mozilla.org\/es\/kb\/habilitar-y-deshabilitar-cookies-que-los-sitios-we<\/a><\/p>\n<ul>\n<li><strong style=\"color: var(--awb-color5);\">Chrome<\/strong><span style=\"color: var(--awb-color5);\">:<\/span><\/li>\n<\/ul>\n<p><a style=\"color: var(--awb-color5);\" href=\"about:blank?trp-edit-translation=preview\">http:\/\/support.google.com\/chrome\/bin\/answer.py?hl=es&amp;answer=95647<\/a><\/p>\n<ul>\n<li><strong style=\"color: var(--awb-color5);\">Internet Explorer<\/strong><span style=\"color: var(--awb-color5);\">:<\/span><\/li>\n<\/ul>\n<p><a style=\"color: var(--awb-color5);\" href=\"about:blank?trp-edit-translation=preview\">https:\/\/support.microsoft.com\/es-es\/help\/278835\/how-to-delete-cookie-files-in-internet-explorer<\/a><\/p>\n<ul>\n<li><strong style=\"color: var(--awb-color5);\">Microsoft Edge:<\/strong><\/li>\n<\/ul>\n<p><a style=\"color: var(--awb-color5);\" href=\"about:blank?trp-edit-translation=preview\">https:\/\/support.microsoft.com\/es-es\/help\/4468242\/microsoft-edge-browsing-data-and-privacy-microsoft-privacy<\/a><\/p>\n<ul>\n<li><strong style=\"color: var(--awb-color5);\">Safari<\/strong><span style=\"color: var(--awb-color5);\">:<\/span><\/li>\n<\/ul>\n<p><a style=\"color: var(--awb-color5);\" href=\"about:blank?trp-edit-translation=preview\">http:\/\/support.apple.com\/kb\/ph5042<\/a><\/p>\n<ul>\n<li><strong style=\"color: var(--awb-color5);\">Opera<\/strong><span style=\"color: var(--awb-color5);\">:<\/span><\/li>\n<\/ul>\n<p><a style=\"color: var(--awb-color5);\" href=\"about:blank?trp-edit-translation=preview\">http:\/\/help.opera.com\/Windows\/11.50\/es-ES\/cookies.html<\/a><\/p>\n<p style=\"color: var(--awb-color5);\">En caso de bloquear el uso de cookies en su navegador, es posible que algunos servicios o funcionalidades de la p\u00e1gina web no est\u00e9n disponibles.<\/p>\n<p style=\"color: var(--awb-color5);\">En algunos navegadores se pueden configurar reglas espec\u00edficas para administrar cookies por sitio web, lo que ofrece un control m\u00e1s preciso sobre la privacidad. Esto significa que se pueden inhabilitar cookies de todos los sitios excepto de aquellos en los que se conf\u00ede.<\/p>\n<p><strong style=\"color: var(--awb-color5);\">Actualizado:<\/strong><span style=\"color: var(--awb-color5);\"> 23\/08\/2023 12:44<\/span><\/p>\n<p><strong style=\"color: var(--awb-color5);\">\u00bfQu\u00e9 son las cookies?<\/strong><\/p>\n<p style=\"color: var(--awb-color5);\">Las cookies (cookies) y tecnolog\u00edas similares son documentos de texto muy peque\u00f1os o fragmentos de c\u00f3digo que a menudo contienen un c\u00f3digo de identificaci\u00f3n \u00fanico. Cuando visite un sitio web o utilice una aplicaci\u00f3n m\u00f3vil, un ordenador pide permiso a su ordenador o dispositivo m\u00f3vil para guardar este archivo en el ordenador o dispositivo m\u00f3vil y acceder a la informaci\u00f3n. La informaci\u00f3n recopilada a trav\u00e9s de cookies y tecnolog\u00edas similares puede incluir la fecha y la hora de la visita y la forma en que utiliza un sitio web o una aplicaci\u00f3n m\u00f3vil en particular.<\/p>\n<p><strong style=\"color: var(--awb-color5);\">\u00bfPara qu\u00e9 utilizamos cookies?<\/strong><\/p>\n<p style=\"color: var(--awb-color5);\">Las cookies aseguran que durante su visita a nuestra tienda online usted est\u00e9 conectado, que todos los art\u00edculos permanezcan almacenados en la cesta de compras, que pueda comprar de forma segura y que el sitio web siga funcionando sin problemas. Las cookies tambi\u00e9n aseguran que podamos ver c\u00f3mo se usa nuestro sitio web y c\u00f3mo podemos mejorarlo. Adem\u00e1s, dependiendo de sus preferencias, nuestras cookies pueden ser usadas para presentarle anuncios espec\u00edficos que coincidan con sus intereses personales.<\/p>\n<p><strong style=\"color: var(--awb-color5);\">\u00bfQu\u00e9 tipo de cookies utilizamos?<\/strong><\/p>\n<p><strong style=\"color: var(--awb-color5);\">Cookies necesarias<\/strong><\/p>\n<p style=\"color: var(--awb-color5);\">Estas cookies son necesarias para que el sitio web funcione correctamente. Algunas de las siguientes acciones se pueden realizar gracias a estas cookies: - Almacenar art\u00edculos en un carrito de compra para compras online - Guardar las preferencias de cookies para este sitio web - Guardar preferencias de idioma - Iniciar una sesi\u00f3n en nuestro portal. Debemos comprobar si ha iniciado sesi\u00f3n.<\/p>\n<p><strong style=\"color: var(--awb-color5);\">\u00bfC\u00f3mo puedo desactivar o eliminar las cookies?<\/strong><\/p>\n<p style=\"color: var(--awb-color5);\">Puede optar por no usar todas las cookies, excepto las necesarias. En la configuraci\u00f3n del navegador, puede cambiar la configuraci\u00f3n para asegurarse de que se bloqueen las cookies. La mayor\u00eda de los navegadores le ofrecen una explicaci\u00f3n sobre c\u00f3mo hacerlo en el llamado \"men\u00fa de ayuda\". No obstante, si bloquea las cookies, es posible que no pueda disfrutar de todas las caracter\u00edsticas t\u00e9cnicas que nuestro sitio web tiene para ofrecerle y puede afectar negativamente a su experiencia de usuario.<\/p>\n<p style=\"color: var(--awb-color5);\">Hemos facilitado la gesti\u00f3n de su consentimiento.<\/p>\n<p style=\"color: var(--awb-color5);\">Si desea ver su auditor\u00eda de consentimientos, p\u00f3ngase en contacto con el administrador del sitio web.<\/p>\n<p><span style=\"color: var(--awb-color5);\">Su \u00faltimo cambio de consentimiento se ha registrado el: <\/span><strong style=\"color: var(--awb-color5);\">23\/08\/2023 12:45<\/strong><\/p>\n<p><strong style=\"color: var(--awb-color5);\">Las cookies que utilizamos en nuestro sitio web<\/strong><\/p>\n<p><strong style=\"color: var(--awb-color5);\">Actualizado:<\/strong><span style=\"color: var(--awb-color5);\"> 23\/08\/2023 12:46<\/span><\/p>\n<table>\n<tbody>\n<tr>\n<td colspan=\"5\"><strong style=\"color: var(--awb-color5);\">Necesaria<\/strong><\/td>\n<\/tr>\n<tr>\n<td><strong style=\"color: var(--awb-color5);\">Nombre<\/strong><\/td>\n<td><strong style=\"color: var(--awb-color5);\">Prop\u00f3sito<\/strong><\/td>\n<td><strong style=\"color: var(--awb-color5);\">Nombre del dominio<\/strong><\/td>\n<td><strong style=\"color: var(--awb-color5);\">Caducidad<\/strong><\/td>\n<td><strong style=\"color: var(--awb-color5);\">Proveedor<\/strong><\/td>\n<td><strong style=\"color: var(--awb-color5);\">Type<\/strong><\/td>\n<\/tr>\n<tr>\n<td><strong style=\"color: var(--awb-color5);\">cookiefirst-consent<\/strong><\/td>\n<td><span style=\"color: var(--awb-color5);\">Esta cookie guarda sus preferencias de cookies para este sitio web. Puede cambiarlas o retirar el consentimiento f\u00e1cilmente.<\/span><\/td>\n<td><span style=\"color: var(--awb-color1);\"><span style=\"color: var(--awb-color5);\">grupbrm.cat\/formaci\u00f3 <\/span><br \/>\n<\/span><\/td>\n<td><span style=\"color: var(--awb-color5);\">un a\u00f1o<\/span><\/td>\n<td><a style=\"color: var(--awb-color5);\" href=\"https:\/\/cookiefirst.com\/legal\/data-processing-agreement\/?trp-edit-translation=preview\">Cookie First<\/a><\/td>\n<td><strong style=\"color: var(--awb-color5);\">Cookie<\/strong><\/td>\n<\/tr>\n<tr>\n<td><strong style=\"color: var(--awb-color5);\">cookiefirst-consent<\/strong><\/td>\n<td><span style=\"color: var(--awb-color5);\">Esta cookie guarda sus preferencias de cookies para este sitio web. Puede cambiarlas o retirar el consentimiento f\u00e1cilmente.<\/span><\/td>\n<td><span style=\"color: var(--awb-color5);\">grupbrm.cat\/formaci\u00f3<\/span><\/td>\n<td><span style=\"color: var(--awb-color5);\">persistente<\/span><\/td>\n<td><a style=\"color: var(--awb-color5);\" href=\"https:\/\/cookiefirst.com\/legal\/data-processing-agreement\/?trp-edit-translation=preview\">Cookie First<\/a><\/td>\n<td><strong style=\"color: var(--awb-color5);\">Local storage<\/strong><\/td>\n<\/tr>\n<tr>\n<td><strong style=\"color: var(--awb-color5);\">cookiefirst-id<\/strong><\/td>\n<td><span style=\"color: var(--awb-color5);\">Esta cookie contiene su identificador \u00fanico para que CookieFirst pueda identificar a los visitantes \u00fanicos de este sitio web.<\/span><\/td>\n<td><span style=\"color: var(--awb-color5);\">grupbrm.cat\/formaci\u00f3<\/span><\/td>\n<td><span style=\"color: var(--awb-color5);\">persistente<\/span><\/td>\n<td><a style=\"color: var(--awb-color5);\" href=\"https:\/\/cookiefirst.com\/legal\/data-processing-agreement\/?trp-edit-translation=preview\">Cookie First<\/a><\/td>\n<td><strong style=\"color: var(--awb-color5);\">Local storage<\/strong><\/td>\n<\/tr>\n<\/tbody>\n<\/table>\n<\/div><\/div><\/div><\/div><\/div>","protected":false},"excerpt":{"rendered":"","protected":false},"author":2,"featured_media":0,"parent":0,"menu_order":0,"comment_status":"closed","ping_status":"closed","template":"100-width.php","meta":{"footnotes":""},"class_list":["post-1750","page","type-page","status-publish","hentry"],"yoast_head":"<!-- This site is optimized with the Yoast SEO plugin v27.2 - https:\/\/yoast.com\/product\/yoast-seo-wordpress\/ -->\n<title>Pol\u00edtica de Cookies - Formaci\u00f3 BRM<\/title>\n<meta name=\"description\" content=\"Aquest lloc web utilitza cookies pr\u00f2pies i de tercers per a oferir-li una millor experi\u00e8ncia i servei. En navegar o utilitzar els nostres...\" \/>\n<meta name=\"robots\" content=\"index, follow, max-snippet:-1, max-image-preview:large, max-video-preview:-1\" \/>\n<link rel=\"canonical\" href=\"https:\/\/grupbrm.cat\/formacio\/es\/politica-de-cookies\/\" \/>\n<meta property=\"og:locale\" content=\"es_ES\" \/>\n<meta property=\"og:type\" content=\"article\" \/>\n<meta property=\"og:title\" content=\"Pol\u00edtica de Cookies - Formaci\u00f3 BRM\" \/>\n<meta property=\"og:description\" content=\"Aquest lloc web utilitza cookies pr\u00f2pies i de tercers per a oferir-li una millor experi\u00e8ncia i servei. En navegar o utilitzar els nostres...\" \/>\n<meta property=\"og:url\" content=\"https:\/\/grupbrm.cat\/formacio\/es\/politica-de-cookies\/\" \/>\n<meta property=\"og:site_name\" content=\"Formaci\u00f3 BRM\" \/>\n<meta property=\"article:modified_time\" content=\"2024-09-17T07:30:00+00:00\" \/>\n<meta name=\"twitter:card\" content=\"summary_large_image\" \/>\n<meta name=\"twitter:label1\" content=\"Tiempo de lectura\" \/>\n\t<meta name=\"twitter:data1\" content=\"8 minutos\" \/>\n<script type=\"application\/ld+json\" class=\"yoast-schema-graph\">{\"@context\":\"https:\/\/schema.org\",\"@graph\":[{\"@type\":\"WebPage\",\"@id\":\"https:\/\/grupbrm.cat\/formacio\/politica-de-cookies\/\",\"url\":\"https:\/\/grupbrm.cat\/formacio\/politica-de-cookies\/\",\"name\":\"Pol\u00edtica de Cookies - Formaci\u00f3 BRM\",\"isPartOf\":{\"@id\":\"https:\/\/grupbrm.cat\/formacio\/#website\"},\"datePublished\":\"2023-08-23T10:45:35+00:00\",\"dateModified\":\"2024-09-17T07:30:00+00:00\",\"description\":\"Aquest lloc web utilitza cookies pr\u00f2pies i de tercers per a oferir-li una millor experi\u00e8ncia i servei. En navegar o utilitzar els nostres...\",\"breadcrumb\":{\"@id\":\"https:\/\/grupbrm.cat\/formacio\/politica-de-cookies\/#breadcrumb\"},\"inLanguage\":\"es\",\"potentialAction\":[{\"@type\":\"ReadAction\",\"target\":[\"https:\/\/grupbrm.cat\/formacio\/politica-de-cookies\/\"]}]},{\"@type\":\"BreadcrumbList\",\"@id\":\"https:\/\/grupbrm.cat\/formacio\/politica-de-cookies\/#breadcrumb\",\"itemListElement\":[{\"@type\":\"ListItem\",\"position\":1,\"name\":\"Inici\",\"item\":\"https:\/\/grupbrm.cat\/formacio\/\"},{\"@type\":\"ListItem\",\"position\":2,\"name\":\"Pol\u00edtica de Cookies\"}]},{\"@type\":\"WebSite\",\"@id\":\"https:\/\/grupbrm.cat\/formacio\/#website\",\"url\":\"https:\/\/grupbrm.cat\/formacio\/\",\"name\":\"Formaci\u00f3 BRM\",\"description\":\"Centre de Formaci\u00f3 BRM\",\"potentialAction\":[{\"@type\":\"SearchAction\",\"target\":{\"@type\":\"EntryPoint\",\"urlTemplate\":\"https:\/\/grupbrm.cat\/formacio\/?s={search_term_string}\"},\"query-input\":{\"@type\":\"PropertyValueSpecification\",\"valueRequired\":true,\"valueName\":\"search_term_string\"}}],\"inLanguage\":\"es\"}]}<\/script>\n<!-- \/ Yoast SEO plugin. -->","yoast_head_json":{"title":"Pol\u00edtica de Cookies - Formaci\u00f3 BRM","description":"Aquest lloc web utilitza cookies pr\u00f2pies i de tercers per a oferir-li una millor experi\u00e8ncia i servei. En navegar o utilitzar els nostres...","robots":{"index":"index","follow":"follow","max-snippet":"max-snippet:-1","max-image-preview":"max-image-preview:large","max-video-preview":"max-video-preview:-1"},"canonical":"https:\/\/grupbrm.cat\/formacio\/es\/politica-de-cookies\/","og_locale":"es_ES","og_type":"article","og_title":"Pol\u00edtica de Cookies - Formaci\u00f3 BRM","og_description":"Aquest lloc web utilitza cookies pr\u00f2pies i de tercers per a oferir-li una millor experi\u00e8ncia i servei. En navegar o utilitzar els nostres...","og_url":"https:\/\/grupbrm.cat\/formacio\/es\/politica-de-cookies\/","og_site_name":"Formaci\u00f3 BRM","article_modified_time":"2024-09-17T07:30:00+00:00","twitter_card":"summary_large_image","twitter_misc":{"Tiempo de lectura":"8 minutos"},"schema":{"@context":"https:\/\/schema.org","@graph":[{"@type":"WebPage","@id":"https:\/\/grupbrm.cat\/formacio\/politica-de-cookies\/","url":"https:\/\/grupbrm.cat\/formacio\/politica-de-cookies\/","name":"Pol\u00edtica de Cookies - Formaci\u00f3 BRM","isPartOf":{"@id":"https:\/\/grupbrm.cat\/formacio\/#website"},"datePublished":"2023-08-23T10:45:35+00:00","dateModified":"2024-09-17T07:30:00+00:00","description":"Aquest lloc web utilitza cookies pr\u00f2pies i de tercers per a oferir-li una millor experi\u00e8ncia i servei. En navegar o utilitzar els nostres...","breadcrumb":{"@id":"https:\/\/grupbrm.cat\/formacio\/politica-de-cookies\/#breadcrumb"},"inLanguage":"es","potentialAction":[{"@type":"ReadAction","target":["https:\/\/grupbrm.cat\/formacio\/politica-de-cookies\/"]}]},{"@type":"BreadcrumbList","@id":"https:\/\/grupbrm.cat\/formacio\/politica-de-cookies\/#breadcrumb","itemListElement":[{"@type":"ListItem","position":1,"name":"Inici","item":"https:\/\/grupbrm.cat\/formacio\/"},{"@type":"ListItem","position":2,"name":"Pol\u00edtica de Cookies"}]},{"@type":"WebSite","@id":"https:\/\/grupbrm.cat\/formacio\/#website","url":"https:\/\/grupbrm.cat\/formacio\/","name":"Formaci\u00f3 BRM","description":"Centre de Formaci\u00f3 BRM","potentialAction":[{"@type":"SearchAction","target":{"@type":"EntryPoint","urlTemplate":"https:\/\/grupbrm.cat\/formacio\/?s={search_term_string}"},"query-input":{"@type":"PropertyValueSpecification","valueRequired":true,"valueName":"search_term_string"}}],"inLanguage":"es"}]}},"_links":{"self":[{"href":"https:\/\/grupbrm.cat\/formacio\/es\/wp-json\/wp\/v2\/pages\/1750","targetHints":{"allow":["GET"]}}],"collection":[{"href":"https:\/\/grupbrm.cat\/formacio\/es\/wp-json\/wp\/v2\/pages"}],"about":[{"href":"https:\/\/grupbrm.cat\/formacio\/es\/wp-json\/wp\/v2\/types\/page"}],"author":[{"embeddable":true,"href":"https:\/\/grupbrm.cat\/formacio\/es\/wp-json\/wp\/v2\/users\/2"}],"replies":[{"embeddable":true,"href":"https:\/\/grupbrm.cat\/formacio\/es\/wp-json\/wp\/v2\/comments?post=1750"}],"version-history":[{"count":5,"href":"https:\/\/grupbrm.cat\/formacio\/es\/wp-json\/wp\/v2\/pages\/1750\/revisions"}],"predecessor-version":[{"id":3460,"href":"https:\/\/grupbrm.cat\/formacio\/es\/wp-json\/wp\/v2\/pages\/1750\/revisions\/3460"}],"wp:attachment":[{"href":"https:\/\/grupbrm.cat\/formacio\/es\/wp-json\/wp\/v2\/media?parent=1750"}],"curies":[{"name":"wp","href":"https:\/\/api.w.org\/{rel}","templated":true}]}}