{"id":1742,"date":"2023-08-23T12:32:47","date_gmt":"2023-08-23T10:32:47","guid":{"rendered":"https:\/\/grupbrm.cat\/formacio\/?page_id=1742"},"modified":"2024-09-17T09:10:30","modified_gmt":"2024-09-17T07:10:30","slug":"accessibilitat","status":"publish","type":"page","link":"https:\/\/grupbrm.cat\/formacio\/es\/accessibilitat\/","title":{"rendered":"Accesibilidad"},"content":{"rendered":"<div class=\"fusion-fullwidth fullwidth-box fusion-builder-row-1 fusion-flex-container has-pattern-background nonhundred-percent-fullwidth non-hundred-percent-height-scrolling\" style=\"--awb-border-radius-top-left:0px;--awb-border-radius-top-right:0px;--awb-border-radius-bottom-right:0px;--awb-border-radius-bottom-left:0px;--awb-padding-top:0px;--awb-padding-top-medium:100px;--awb-padding-top-small:100px;--awb-flex-wrap:wrap;\" ><div class=\"fusion-builder-row fusion-row fusion-flex-align-items-flex-start fusion-flex-content-wrap\" style=\"max-width:1248px;margin-left: calc(-4% \/ 2 );margin-right: calc(-4% \/ 2 );\"><div class=\"fusion-layout-column fusion_builder_column fusion-builder-column-0 fusion_builder_column_1_1 1_1 fusion-flex-column\" style=\"--awb-bg-blend:overlay;--awb-bg-size:cover;--awb-width-large:100%;--awb-margin-top-large:31px;--awb-spacing-right-large:1.92%;--awb-margin-bottom-large:0px;--awb-spacing-left-large:1.92%;--awb-width-medium:100%;--awb-spacing-right-medium:1.92%;--awb-spacing-left-medium:1.92%;--awb-width-small:100%;--awb-spacing-right-small:1.92%;--awb-spacing-left-small:1.92%;\"><div class=\"fusion-column-wrapper fusion-flex-justify-content-flex-start fusion-content-layout-column\"><div class=\"fusion-text fusion-text-1\" style=\"--awb-text-color:var(--awb-color5);\"><h1 class=\"fusion-responsive-typography-calculated\" style=\"--fontsize: 62; line-height: 1.08; color: var(--awb-color5);\" data-fontsize=\"62\" data-lineheight=\"66.9667px\"><strong>Accesibilidad<\/strong><\/h1>\n<p><strong style=\"color: var(--awb-color5);\">Obtener el consentimiento del usuario al solicitar datos personales<\/strong><\/p>\n<p style=\"color: var(--awb-color5);\">El consentimiento debe darse mediante una acci\u00f3n afirmativa clara que refleje una manifestaci\u00f3n de voluntad libre, espec\u00edfica, informada, e inequ\u00edvoca del interesado y debe otorgarse para todas las actividades de tratamiento realizadas. Cuando el tratamiento tenga varias finalidades, el consentimiento debe darse por cada una de ellas. Si debe darse a ra\u00edz de una solicitud por medios electr\u00f3nicos, esta debe ser clara, concisa y no perturbar innecesariamente el uso del servicio para el que se presta.<\/p>\n<p style=\"color: var(--awb-color5);\">Este consentimiento expreso puede trasladarse a un formulario web a trav\u00e9s de la implementaci\u00f3n de unas casillas de verificaci\u00f3n que est\u00e9n desmarcadas por defecto, esto es vital, para poder demostrar esta voluntad por parte de la persona para tratar sus datos personales.<\/p>\n<p style=\"color: var(--awb-color5);\">Las casillas de pre-marca, el silencio y la inacci\u00f3n del interesado no constituyen un tratamiento l\u00edcito de datos, por lo que estas f\u00f3rmulas no deben utilizarse.<\/p>\n<p style=\"color: var(--awb-color5);\">Hemos hablado en el apartado anterior de fines espec\u00edficos, es decir, cuando alguien proporciona sus datos es necesario detallar de forma clara, inequ\u00edvoca y transparente cu\u00e1les ser\u00e1n las condiciones de tratamiento de los datos.<\/p>\n<p style=\"color: var(--awb-color5);\">Al ser un consentimiento expreso ligado a una finalidad espec\u00edfica es necesario demostrar que se ha recogido siguiendo estos preceptos y la carga probatoria recae sobre la organizaci\u00f3n que recibe y trata estos datos.<\/p>\n<p style=\"color: var(--awb-color5);\">Un ejemplo de c\u00f3mo poder demostrar que nos han autorizado es que cada alta genere un e-mail de respuesta autom\u00e1tica con los datos de la persona solicitada, su IP, acepto, fecha, hora exacta y navegador que utiliz\u00f3. Este e-mail debe guardarse como justificante en caso de conflicto con el usuario<\/p>\n<p><strong style=\"color: var(--awb-color5);\">Primera capa de informaci\u00f3n b\u00e1sica<\/strong><\/p>\n<p style=\"color: var(--awb-color5);\">Con los requisitos y principios introducidos por el RGPD, respecto a la obligaci\u00f3n de informar, la simple remisi\u00f3n a la pol\u00edtica de privacidad desde los formularios web ya no es suficiente para cumplir con estas obligaciones.<\/p>\n<p style=\"color: var(--awb-color5);\">Las Autoridades de Protecci\u00f3n de Datos de la Uni\u00f3n Europea, recomiendan utilizar un modelo de informaci\u00f3n por capas, presentando una primera capa, con una informaci\u00f3n b\u00e1sica sobre protecci\u00f3n de datos y remitir desde esta, m\u00e1s sencilla e inmediata, a una segunda capa con la informaci\u00f3n restante.<\/p>\n<p><span style=\"color: var(--awb-color5);\">En la <\/span><a style=\"color: var(--awb-color5);\" href=\"\/formacio\/es\/blank\/?trp-edit-translation=preview\" target=\"_self\" rel=\"noopener\">Gu\u00eda para el Cumplimiento del Deber de Informar<\/a><span style=\"color: var(--awb-color5);\">, de la AEPD establece que esta primera capa informativa debe reunir los siguientes requisitos:<\/span><\/p>\n<p style=\"color: var(--awb-color5);\">\u2013 La informaci\u00f3n debe ponerse a disposici\u00f3n de los interesados en el momento en que se soliciten los datos, previamente a la recogida o registro.<\/p>\n<p style=\"color: var(--awb-color5);\">\u2013 Esta obligaci\u00f3n debe cumplirse sin necesidad de requerimiento alguno, y el responsable deber\u00e1 poder acreditar con posterioridad que la obligaci\u00f3n de informar ha sido satisfecha.<\/p>\n<p style=\"color: var(--awb-color5);\">\u2013 Debe estar claramente identificada con un t\u00edtulo tal como \u201cInformaci\u00f3n b\u00e1sica sobre protecci\u00f3n de datos\u201d.<\/p>\n<p style=\"color: var(--awb-color5);\">\u2013 El responsable del tratamiento debe garantizar que esta informaci\u00f3n quede \u201cdentro del campo de visi\u00f3n\u201d del interesado.<\/p>\n<p style=\"color: var(--awb-color5);\">\u2013 Los interesados deben recibir una copia donde se incluya esta informaci\u00f3n b\u00e1sica.<\/p>\n<p style=\"color: var(--awb-color5);\">La LOPDGDD en su art\u00edculo 72 tipifica como INFRACCI\u00d3N MUY GRAVE la omisi\u00f3n del deber de informar al afectado sobre el tratamiento de sus datos personales conforme a lo dispuesto en los art\u00edculos 13 y 14 del Reglamento (UE) 2016\/ 679 (RGPD).<\/p>\n<\/div><\/div><\/div><\/div><\/div>","protected":false},"excerpt":{"rendered":"","protected":false},"author":2,"featured_media":0,"parent":0,"menu_order":0,"comment_status":"closed","ping_status":"closed","template":"100-width.php","meta":{"footnotes":""},"class_list":["post-1742","page","type-page","status-publish","hentry"],"yoast_head":"<!-- This site is optimized with the Yoast SEO plugin v27.2 - https:\/\/yoast.com\/product\/yoast-seo-wordpress\/ -->\n<title>Accessibilitat - Formaci\u00f3 BRM<\/title>\n<meta name=\"description\" content=\"El consentiment ha de donar-se mitjan\u00e7ant una acci\u00f3 afirmativa clara que reflecteixi una manifestaci\u00f3 de voluntat lliure, espec\u00edfica...\" \/>\n<meta name=\"robots\" content=\"index, follow, max-snippet:-1, max-image-preview:large, max-video-preview:-1\" \/>\n<link rel=\"canonical\" href=\"https:\/\/grupbrm.cat\/formacio\/es\/accessibilitat\/\" \/>\n<meta property=\"og:locale\" content=\"es_ES\" \/>\n<meta property=\"og:type\" content=\"article\" \/>\n<meta property=\"og:title\" content=\"Accessibilitat - Formaci\u00f3 BRM\" \/>\n<meta property=\"og:description\" content=\"El consentiment ha de donar-se mitjan\u00e7ant una acci\u00f3 afirmativa clara que reflecteixi una manifestaci\u00f3 de voluntat lliure, espec\u00edfica...\" \/>\n<meta property=\"og:url\" content=\"https:\/\/grupbrm.cat\/formacio\/es\/accessibilitat\/\" \/>\n<meta property=\"og:site_name\" content=\"Formaci\u00f3 BRM\" \/>\n<meta property=\"article:modified_time\" content=\"2024-09-17T07:10:30+00:00\" \/>\n<meta name=\"twitter:card\" content=\"summary_large_image\" \/>\n<meta name=\"twitter:label1\" content=\"Tiempo de lectura\" \/>\n\t<meta name=\"twitter:data1\" content=\"3 minutos\" \/>\n<script type=\"application\/ld+json\" class=\"yoast-schema-graph\">{\"@context\":\"https:\/\/schema.org\",\"@graph\":[{\"@type\":\"WebPage\",\"@id\":\"https:\/\/grupbrm.cat\/formacio\/accessibilitat\/\",\"url\":\"https:\/\/grupbrm.cat\/formacio\/accessibilitat\/\",\"name\":\"Accessibilitat - Formaci\u00f3 BRM\",\"isPartOf\":{\"@id\":\"https:\/\/grupbrm.cat\/formacio\/#website\"},\"datePublished\":\"2023-08-23T10:32:47+00:00\",\"dateModified\":\"2024-09-17T07:10:30+00:00\",\"description\":\"El consentiment ha de donar-se mitjan\u00e7ant una acci\u00f3 afirmativa clara que reflecteixi una manifestaci\u00f3 de voluntat lliure, espec\u00edfica...\",\"breadcrumb\":{\"@id\":\"https:\/\/grupbrm.cat\/formacio\/accessibilitat\/#breadcrumb\"},\"inLanguage\":\"es\",\"potentialAction\":[{\"@type\":\"ReadAction\",\"target\":[\"https:\/\/grupbrm.cat\/formacio\/accessibilitat\/\"]}]},{\"@type\":\"BreadcrumbList\",\"@id\":\"https:\/\/grupbrm.cat\/formacio\/accessibilitat\/#breadcrumb\",\"itemListElement\":[{\"@type\":\"ListItem\",\"position\":1,\"name\":\"Inici\",\"item\":\"https:\/\/grupbrm.cat\/formacio\/\"},{\"@type\":\"ListItem\",\"position\":2,\"name\":\"Accessibilitat\"}]},{\"@type\":\"WebSite\",\"@id\":\"https:\/\/grupbrm.cat\/formacio\/#website\",\"url\":\"https:\/\/grupbrm.cat\/formacio\/\",\"name\":\"Formaci\u00f3 BRM\",\"description\":\"Centre de Formaci\u00f3 BRM\",\"potentialAction\":[{\"@type\":\"SearchAction\",\"target\":{\"@type\":\"EntryPoint\",\"urlTemplate\":\"https:\/\/grupbrm.cat\/formacio\/?s={search_term_string}\"},\"query-input\":{\"@type\":\"PropertyValueSpecification\",\"valueRequired\":true,\"valueName\":\"search_term_string\"}}],\"inLanguage\":\"es\"}]}<\/script>\n<!-- \/ Yoast SEO plugin. -->","yoast_head_json":{"title":"Accessibilitat - Formaci\u00f3 BRM","description":"El consentiment ha de donar-se mitjan\u00e7ant una acci\u00f3 afirmativa clara que reflecteixi una manifestaci\u00f3 de voluntat lliure, espec\u00edfica...","robots":{"index":"index","follow":"follow","max-snippet":"max-snippet:-1","max-image-preview":"max-image-preview:large","max-video-preview":"max-video-preview:-1"},"canonical":"https:\/\/grupbrm.cat\/formacio\/es\/accessibilitat\/","og_locale":"es_ES","og_type":"article","og_title":"Accessibilitat - Formaci\u00f3 BRM","og_description":"El consentiment ha de donar-se mitjan\u00e7ant una acci\u00f3 afirmativa clara que reflecteixi una manifestaci\u00f3 de voluntat lliure, espec\u00edfica...","og_url":"https:\/\/grupbrm.cat\/formacio\/es\/accessibilitat\/","og_site_name":"Formaci\u00f3 BRM","article_modified_time":"2024-09-17T07:10:30+00:00","twitter_card":"summary_large_image","twitter_misc":{"Tiempo de lectura":"3 minutos"},"schema":{"@context":"https:\/\/schema.org","@graph":[{"@type":"WebPage","@id":"https:\/\/grupbrm.cat\/formacio\/accessibilitat\/","url":"https:\/\/grupbrm.cat\/formacio\/accessibilitat\/","name":"Accessibilitat - Formaci\u00f3 BRM","isPartOf":{"@id":"https:\/\/grupbrm.cat\/formacio\/#website"},"datePublished":"2023-08-23T10:32:47+00:00","dateModified":"2024-09-17T07:10:30+00:00","description":"El consentiment ha de donar-se mitjan\u00e7ant una acci\u00f3 afirmativa clara que reflecteixi una manifestaci\u00f3 de voluntat lliure, espec\u00edfica...","breadcrumb":{"@id":"https:\/\/grupbrm.cat\/formacio\/accessibilitat\/#breadcrumb"},"inLanguage":"es","potentialAction":[{"@type":"ReadAction","target":["https:\/\/grupbrm.cat\/formacio\/accessibilitat\/"]}]},{"@type":"BreadcrumbList","@id":"https:\/\/grupbrm.cat\/formacio\/accessibilitat\/#breadcrumb","itemListElement":[{"@type":"ListItem","position":1,"name":"Inici","item":"https:\/\/grupbrm.cat\/formacio\/"},{"@type":"ListItem","position":2,"name":"Accessibilitat"}]},{"@type":"WebSite","@id":"https:\/\/grupbrm.cat\/formacio\/#website","url":"https:\/\/grupbrm.cat\/formacio\/","name":"Formaci\u00f3 BRM","description":"Centre de Formaci\u00f3 BRM","potentialAction":[{"@type":"SearchAction","target":{"@type":"EntryPoint","urlTemplate":"https:\/\/grupbrm.cat\/formacio\/?s={search_term_string}"},"query-input":{"@type":"PropertyValueSpecification","valueRequired":true,"valueName":"search_term_string"}}],"inLanguage":"es"}]}},"_links":{"self":[{"href":"https:\/\/grupbrm.cat\/formacio\/es\/wp-json\/wp\/v2\/pages\/1742","targetHints":{"allow":["GET"]}}],"collection":[{"href":"https:\/\/grupbrm.cat\/formacio\/es\/wp-json\/wp\/v2\/pages"}],"about":[{"href":"https:\/\/grupbrm.cat\/formacio\/es\/wp-json\/wp\/v2\/types\/page"}],"author":[{"embeddable":true,"href":"https:\/\/grupbrm.cat\/formacio\/es\/wp-json\/wp\/v2\/users\/2"}],"replies":[{"embeddable":true,"href":"https:\/\/grupbrm.cat\/formacio\/es\/wp-json\/wp\/v2\/comments?post=1742"}],"version-history":[{"count":5,"href":"https:\/\/grupbrm.cat\/formacio\/es\/wp-json\/wp\/v2\/pages\/1742\/revisions"}],"predecessor-version":[{"id":3451,"href":"https:\/\/grupbrm.cat\/formacio\/es\/wp-json\/wp\/v2\/pages\/1742\/revisions\/3451"}],"wp:attachment":[{"href":"https:\/\/grupbrm.cat\/formacio\/es\/wp-json\/wp\/v2\/media?parent=1742"}],"curies":[{"name":"wp","href":"https:\/\/api.w.org\/{rel}","templated":true}]}}