{"id":2375,"date":"2024-03-06T07:36:21","date_gmt":"2024-03-06T06:36:21","guid":{"rendered":"https:\/\/grupbrm.cat\/clinica\/?page_id=2375"},"modified":"2024-03-19T14:59:44","modified_gmt":"2024-03-19T13:59:44","slug":"vols-treballar-a-brm","status":"publish","type":"page","link":"https:\/\/grupbrm.cat\/clinica\/vols-treballar-a-brm\/","title":{"rendered":"Vols treballar a BRM?"},"content":{"rendered":"<div class=\"fusion-fullwidth fullwidth-box fusion-builder-row-1 fusion-flex-container has-pattern-background has-mask-background nonhundred-percent-fullwidth non-hundred-percent-height-scrolling\" style=\"--awb-border-radius-top-left:0px;--awb-border-radius-top-right:0px;--awb-border-radius-bottom-right:0px;--awb-border-radius-bottom-left:0px;--awb-padding-top:36px;--awb-padding-right:156px;--awb-padding-bottom:26px;--awb-padding-left:156px;--awb-padding-right-medium:30px;--awb-padding-left-medium:30px;--awb-padding-right-small:20px;--awb-padding-left-small:20px;--awb-flex-wrap:wrap;\" ><div class=\"awb-background-mask\" style=\"background-image:  url(data:image\/svg+xml;utf8,%3Csvg%20width%3D%221920%22%20height%3D%22954%22%20fill%3D%22none%22%20xmlns%3D%22http%3A%2F%2Fwww.w3.org%2F2000%2Fsvg%22%3E%3Cg%20clip-path%3D%22url%28%23prefix__clip0_58_35%29%22%3E%3Cpath%20fill-rule%3D%22evenodd%22%20clip-rule%3D%22evenodd%22%20d%3D%22M1773.6-19.976l-600.95%20600.789c-117.27%20117.239-307.318%20117.317-424.491.174-117.172-117.142-117.094-307.145.175-424.383l600.946-600.79%20424.32%20424.21zM1212.47%201397.93l600.95-600.785c117.26-117.238%20117.34-307.241.17-424.384-117.17-117.142-307.22-117.064-424.49.174l-.16.153-600.787%20600.637%20424.317%20424.205z%22%20fill%3D%22rgba%28187%2C187%2C26%2C1%29%22%2F%3E%3C%2Fg%3E%3Cdefs%3E%3CclipPath%20id%3D%22prefix__clip0_58_35%22%3E%3Cpath%20fill%3D%22%23fff%22%20d%3D%22M0%200h1920v954H0z%22%2F%3E%3C%2FclipPath%3E%3C%2Fdefs%3E%3C%2Fsvg%3E);opacity: 0.25 ;transform: scale(1, 1);mix-blend-mode:normal;\"><\/div><div class=\"fusion-builder-row fusion-row fusion-flex-align-items-flex-start fusion-flex-content-wrap\" style=\"max-width:1185.6px;margin-left: calc(-4% \/ 2 );margin-right: calc(-4% \/ 2 );\"><div class=\"fusion-layout-column fusion_builder_column fusion-builder-column-0 fusion_builder_column_1_1 1_1 fusion-flex-column\" style=\"--awb-bg-size:cover;--awb-width-large:100%;--awb-margin-top-large:0px;--awb-spacing-right-large:1.92%;--awb-margin-bottom-large:20px;--awb-spacing-left-large:1.92%;--awb-width-medium:100%;--awb-order-medium:0;--awb-spacing-right-medium:1.92%;--awb-spacing-left-medium:1.92%;--awb-width-small:100%;--awb-order-small:0;--awb-spacing-right-small:1.92%;--awb-spacing-left-small:1.92%;\"><div class=\"fusion-column-wrapper fusion-column-has-shadow fusion-flex-justify-content-flex-start fusion-content-layout-column\"><div class=\"fusion-title title fusion-title-1 fusion-sep-none fusion-title-center fusion-title-text fusion-title-size-div\" style=\"--awb-text-color:var(--awb-color4);--awb-margin-top-small:10px;--awb-margin-right-small:0px;--awb-margin-bottom-small:10px;--awb-margin-left-small:0px;--awb-font-size:23px;\"><div class=\"fusion-title-heading title-heading-center title-heading-tag fusion-responsive-typography-calculated\" style=\"font-family:var(--awb-typography2-font-family);font-weight:var(--awb-typography2-font-weight);font-style:var(--awb-typography2-font-style);margin:0;letter-spacing:var(--awb-typography2-letter-spacing);text-transform:uppercase;font-size:1em;--fontSize:23;line-height:var(--awb-typography2-line-height);\"><p style=\"text-align: center;\">Treballa amb nosaltres<\/p><\/div><\/div><div class=\"fusion-title title fusion-title-2 fusion-sep-none fusion-title-center fusion-title-text fusion-title-size-two\" style=\"--awb-text-color:var(--awb-color8);--awb-margin-top:-10px;--awb-margin-bottom:25px;--awb-margin-top-small:10px;--awb-margin-right-small:0px;--awb-margin-bottom-small:10px;--awb-margin-left-small:0px;\"><h2 class=\"fusion-title-heading title-heading-center fusion-responsive-typography-calculated\" style=\"margin:0;text-transform:none;--fontSize:44;line-height:1.2;\"><p style=\"text-align: center;\">Vols unir-te al nostre equip?<\/p><\/h2><\/div><\/div><\/div><div class=\"fusion-layout-column fusion_builder_column fusion-builder-column-1 fusion_builder_column_1_2 1_2 fusion-flex-column\" style=\"--awb-bg-size:cover;--awb-width-large:50%;--awb-margin-top-large:0px;--awb-spacing-right-large:3.84%;--awb-margin-bottom-large:20px;--awb-spacing-left-large:3.84%;--awb-width-medium:100%;--awb-order-medium:0;--awb-spacing-right-medium:1.92%;--awb-spacing-left-medium:1.92%;--awb-width-small:100%;--awb-order-small:0;--awb-spacing-right-small:1.92%;--awb-spacing-left-small:1.92%;\"><div class=\"fusion-column-wrapper fusion-column-has-shadow fusion-flex-justify-content-flex-start fusion-content-layout-column\"><div class=\"fusion-image-element \" style=\"text-align:center;--awb-caption-title-font-family:var(--h2_typography-font-family);--awb-caption-title-font-weight:var(--h2_typography-font-weight);--awb-caption-title-font-style:var(--h2_typography-font-style);--awb-caption-title-size:var(--h2_typography-font-size);--awb-caption-title-transform:var(--h2_typography-text-transform);--awb-caption-title-line-height:var(--h2_typography-line-height);--awb-caption-title-letter-spacing:var(--h2_typography-letter-spacing);\"><span class=\" fusion-imageframe imageframe-none imageframe-1 hover-type-none\" style=\"border:5px solid var(--awb-color4);border-radius:12px;\"><img decoding=\"async\" width=\"1200\" height=\"800\" alt=\"Metgessa vestida amb una bata amb una m\u00e0 aguantant el m\u00f2bil i mentrestant amb l&#039;altra m\u00e0 est\u00e0 escrivint.\" title=\"Metgessa\" src=\"https:\/\/grupbrm.cat\/clinica\/wp-content\/uploads\/2024\/03\/doctor-trabajo.jpg\" data-orig-src=\"https:\/\/grupbrm.cat\/clinica\/wp-content\/uploads\/2024\/03\/doctor-trabajo.jpg\" class=\"lazyload img-responsive wp-image-2764\" srcset=\"data:image\/svg+xml,%3Csvg%20xmlns%3D%27http%3A%2F%2Fwww.w3.org%2F2000%2Fsvg%27%20width%3D%271200%27%20height%3D%27800%27%20viewBox%3D%270%200%201200%20800%27%3E%3Crect%20width%3D%271200%27%20height%3D%27800%27%20fill-opacity%3D%220%22%2F%3E%3C%2Fsvg%3E\" data-srcset=\"https:\/\/grupbrm.cat\/clinica\/wp-content\/uploads\/2024\/03\/doctor-trabajo-200x133.jpg 200w, https:\/\/grupbrm.cat\/clinica\/wp-content\/uploads\/2024\/03\/doctor-trabajo-400x267.jpg 400w, https:\/\/grupbrm.cat\/clinica\/wp-content\/uploads\/2024\/03\/doctor-trabajo-600x400.jpg 600w, https:\/\/grupbrm.cat\/clinica\/wp-content\/uploads\/2024\/03\/doctor-trabajo-800x533.jpg 800w, https:\/\/grupbrm.cat\/clinica\/wp-content\/uploads\/2024\/03\/doctor-trabajo.jpg 1200w\" data-sizes=\"auto\" data-orig-sizes=\"(max-width: 1024px) 100vw, (max-width: 640px) 100vw, 600px\" \/><\/span><\/div><\/div><\/div><div class=\"fusion-layout-column fusion_builder_column fusion-builder-column-2 fusion_builder_column_1_2 1_2 fusion-flex-column\" style=\"--awb-bg-size:cover;--awb-width-large:50%;--awb-margin-top-large:0px;--awb-spacing-right-large:3.84%;--awb-margin-bottom-large:20px;--awb-spacing-left-large:3.84%;--awb-width-medium:100%;--awb-order-medium:0;--awb-spacing-right-medium:1.92%;--awb-spacing-left-medium:1.92%;--awb-width-small:100%;--awb-order-small:0;--awb-spacing-right-small:1.92%;--awb-spacing-left-small:1.92%;\"><div class=\"fusion-column-wrapper fusion-column-has-shadow fusion-flex-justify-content-flex-start fusion-content-layout-column\"><div class=\"fusion-text fusion-text-1\" style=\"--awb-text-color:var(--awb-color8);\"><div class=\"em-team-content-desc\">A la Cl\u00ednica BRM ens apassiona el nostre treball. Estem buscant professionals que estimin la professi\u00f3 tant com nosaltres, dedicats al 100% a millorar la salut i qualitat de vida dels nostres pacients.<br \/>\nSi treballes des de l&#8217;excel\u00b7l\u00e8ncia, la m\u00e0xima exig\u00e8ncia professional i gaudeixes de la teva professi\u00f3, no esperis m\u00e9s i contacta amb nosaltres.<\/div>\n<div><\/div>\n<\/div><div class=\"fusion-form fusion-form-builder fusion-form-form-wrapper fusion-form-2388\" style=\"--awb-tooltip-text-color:#ffffff;--awb-tooltip-background-color:#333333;\" data-form-id=\"2388\" data-config=\"{&quot;form_id&quot;:&quot;2388&quot;,&quot;form_post_id&quot;:&quot;2388&quot;,&quot;post_id&quot;:2375,&quot;form_type&quot;:&quot;ajax&quot;,&quot;confirmation_type&quot;:&quot;message&quot;,&quot;redirect_url&quot;:&quot;&quot;,&quot;redirect_timeout&quot;:&quot;0&quot;,&quot;field_labels&quot;:{&quot;nom&quot;:&quot;Nom&quot;,&quot;email&quot;:&quot;El seu Email&quot;,&quot;especialitat&quot;:&quot;Especialitat del candidat&quot;,&quot;telefon&quot;:&quot;Tel\\u00e8fon&quot;,&quot;el_seu_missatge&quot;:&quot;El seu missatge&quot;,&quot;el_seu_cv&quot;:&quot;El seu CV (PDF)&quot;,&quot;privacitat&quot;:&quot;&quot;},&quot;field_logics&quot;:{&quot;nom&quot;:&quot;&quot;,&quot;email&quot;:&quot;&quot;,&quot;especialitat&quot;:&quot;&quot;,&quot;telefon&quot;:&quot;&quot;,&quot;el_seu_missatge&quot;:&quot;&quot;,&quot;el_seu_cv&quot;:&quot;&quot;,&quot;privacitat&quot;:&quot;&quot;,&quot;submit_1&quot;:&quot;&quot;,&quot;notice_1&quot;:&quot;&quot;},&quot;field_types&quot;:{&quot;nom&quot;:&quot;text&quot;,&quot;email&quot;:&quot;email&quot;,&quot;especialitat&quot;:&quot;text&quot;,&quot;telefon&quot;:&quot;phone_number&quot;,&quot;el_seu_missatge&quot;:&quot;textarea&quot;,&quot;el_seu_cv&quot;:&quot;upload&quot;,&quot;privacitat&quot;:&quot;consent&quot;,&quot;submit_1&quot;:&quot;submit&quot;,&quot;notice_1&quot;:&quot;notice&quot;},&quot;nonce_method&quot;:&quot;ajax&quot;,&quot;form_views&quot;:&quot;ajax&quot;,&quot;form_views_counting&quot;:&quot;all&quot;}\"><form action=\"https:\/\/grupbrm.cat\/clinica\/vols-treballar-a-brm\/\" method=\"post\" class=\"fusion-form fusion-form-2388\" enctype=\"multipart\/form-data\"><div class=\"fusion-fullwidth fullwidth-box fusion-builder-row-1-1 fusion-flex-container has-pattern-background has-mask-background nonhundred-percent-fullwidth non-hundred-percent-height-scrolling\" style=\"--awb-border-radius-top-left:0px;--awb-border-radius-top-right:0px;--awb-border-radius-bottom-right:0px;--awb-border-radius-bottom-left:0px;--awb-flex-wrap:wrap;\" ><div class=\"fusion-builder-row fusion-row fusion-flex-align-items-flex-start fusion-flex-content-wrap\" style=\"width:104% !important;max-width:104% !important;margin-left: calc(-4% \/ 2 );margin-right: calc(-4% \/ 2 );\"><div class=\"fusion-layout-column fusion_builder_column fusion-builder-column-3 fusion_builder_column_1_1 1_1 fusion-flex-column\" style=\"--awb-bg-size:cover;--awb-width-large:100%;--awb-flex-grow:0;--awb-flex-shrink:0;--awb-margin-top-large:0px;--awb-spacing-right-large:1.92%;--awb-margin-bottom-large:20px;--awb-spacing-left-large:1.92%;--awb-width-medium:100%;--awb-order-medium:0;--awb-flex-grow-medium:0;--awb-flex-shrink-medium:0;--awb-spacing-right-medium:1.92%;--awb-spacing-left-medium:1.92%;--awb-width-small:100%;--awb-order-small:0;--awb-flex-grow-small:0;--awb-flex-shrink-small:0;--awb-spacing-right-small:1.92%;--awb-spacing-left-small:1.92%;\"><div class=\"fusion-column-wrapper fusion-column-has-shadow fusion-flex-justify-content-flex-start fusion-content-layout-column\"><div class=\"fusion-form-field fusion-form-text-field fusion-form-label-above\" style=\"\" data-form-id=\"2388\"><div class=\"fusion-form-label-wrapper\"><label for=\"nom\">Nom <abbr class=\"fusion-form-element-required\" title=\"required\">*<\/abbr><\/label><\/div><input type=\"text\" autocomplete=\"off\" tabindex=\"1\" name=\"nom\" id=\"nom\" value=\"\"  class=\"fusion-form-input\" required=\"true\" aria-required=\"true\" placeholder=\"Nom del candidat aqu\u00ed *\" data-holds-private-data=\"false\" minlength=\"0\"\/><\/div><div class=\"fusion-form-field fusion-form-email-field fusion-form-label-above\" style=\"\" data-form-id=\"2388\"><div class=\"fusion-form-label-wrapper\"><label for=\"email\">El seu Email<\/label><\/div><div class=\"fusion-form-input-with-icon\"><i class=\"awb-form-icon fa-envelope fas\"><\/i><input type=\"email\" autocomplete=\"off\" tabindex=\"2\" name=\"email\" id=\"email\" value=\"\"  class=\"fusion-form-input\" placeholder=\"example@example.com \" data-holds-private-data=\"false\"\/><\/div><\/div><div class=\"fusion-form-field fusion-form-text-field fusion-form-label-above\" style=\"\" data-form-id=\"2388\"><div class=\"fusion-form-label-wrapper\"><label for=\"especialitat\">Especialitat del candidat <abbr class=\"fusion-form-element-required\" title=\"required\">*<\/abbr><\/label><\/div><input type=\"text\" autocomplete=\"off\" tabindex=\"3\" name=\"especialitat\" id=\"especialitat\" value=\"\"  class=\"fusion-form-input\" required=\"true\" aria-required=\"true\" placeholder=\"Especialitat *\" data-holds-private-data=\"false\" minlength=\"0\"\/><\/div><div class=\"fusion-form-field fusion-form-phone-number-field fusion-form-label-above\" style=\"\" data-form-id=\"2388\"><div class=\"fusion-form-label-wrapper\"><label for=\"telefon\">Tel\u00e8fon <abbr class=\"fusion-form-element-required\" title=\"required\">*<\/abbr><\/label><\/div><div class=\"fusion-form-input-with-icon\"><i class=\"awb-form-icon fa-phone-square-alt fas\"><\/i><input type=\"tel\" autocomplete=\"off\" tabindex=\"4\" name=\"telefon\" id=\"telefon\" value=\"\"  class=\"fusion-form-input\" required=\"true\" aria-required=\"true\" placeholder=\"Tel\u00e8fon de contacte *\" data-holds-private-data=\"false\"\/><\/div><\/div><div class=\"fusion-form-field fusion-form-textarea-field fusion-form-label-above\" style=\"\" data-form-id=\"2388\"><label for=\"el_seu_missatge\">El seu missatge<\/label><textarea cols=\"40\" autocomplete=\"off\"  minlength=\"0\"  rows=\"2\" tabindex=\"5\" id=\"el_seu_missatge\" name=\"el_seu_missatge\" class=\"fusion-form-input\" placeholder=\"Escriu aqu\u00ed... \" data-holds-private-data=\"false\"><\/textarea><\/div><div class=\"fusion-form-field fusion-form-upload-field fusion-form-label-above\" style=\"--awb-preview-thumb-width:115px;\" data-form-id=\"2388\"><label for=\"el_seu_cv\">El seu CV (PDF)<\/label><div class=\"fusion-form-input-with-icon\"><i class=\" fa-upload fas\"><\/i><div class=\"fusion-form-upload-field-container\"><input type=\"file\" id=\"el_seu_cv\" name=\"el_seu_cv\" value=\"\"  class=\"fusion-form-input\" placeholder=\"Feu clic o arrossegueu un fitxer aqu\u00ed per carregar-lo. \" data-size=\"2\" data-single-add-remove=\"no\" data-min-upload-files=\"0\" data-max-upload-files=\"0\" data-uploads-preview=\"filenames\"\/><div class=\"fusion-form-upload-field\"  data-holds-private-data=\"false\"><span class=\"awb-upload-placeholder\" data-default=\"Feu clic o arrossegueu un fitxer aqu\u00ed per carregar-lo.\">Feu clic o arrossegueu un fitxer aqu\u00ed per carregar-lo.<\/span><div class=\"awb-uploads-preview\"><div class=\"awb-preview-thumbs\"><\/div><\/div><\/div><div ><a class=\"fusion-button button-flat button-medium button-default fusion-button-default button-1 fusion-button-default-span fusion-button-default-type fusion-form-upload-field-button\" style=\"--button-border-radius-top-left:0px;--button-border-radius-top-right:0px;--button-border-radius-bottom-right:0px;--button-border-radius-bottom-left:0px;\" target=\"_self\" href=\"javascript:void();\"><span class=\"fusion-button-text awb-button__text awb-button__text--default\">Choose File<\/span><\/a><\/div><\/div><\/div><\/div><div class=\"fusion-form-field fusion-form-consent-field fusion-form-label-above\" style=\"\" data-form-id=\"2388\"><div class=\"fusion-form-checkbox option-inline\"><input tabindex=\"7\" id=\"privacitat\" type=\"checkbox\" value=\"1\" name=\"privacitat\" class=\"fusion-form-input\"\/><label for=\"privacitat\">He llegit i accepto la <a href=\"https:\/\/grupbrm.cat\/clinica\/politica-de-privacitat\/\" target=\"_blank\"><strong>pol\u00edtica de privacitat<\/strong>.<\/a><\/label><\/div><\/div><div class=\"fusion-form-field fusion-form-submit-field fusion-form-label-above\" style=\"\" data-form-id=\"2388\"><div style=\"text-align:center;\"><button type=\"submit\" class=\"fusion-button button-flat fusion-button-default-size button-default fusion-button-default button-2 fusion-button-default-span  button-default form-form-submit\" data-form-number=\"2388\" tabindex=\"8\"><span class=\"fusion-button-text awb-button__text awb-button__text--default\">Enviar candidatura<\/span><\/button><\/div><\/div><div class=\"form-submission-notices data-notice_1\" id=\"fusion-notices-1\" data-instance=\"1\"><div class=\"fusion-alert alert success alert-success fusion-alert-center fusion-form-response fusion-form-response-success awb-alert-native-link-color alert-dismissable awb-alert-close-boxed\" role=\"alert\"><div class=\"fusion-alert-content-wrapper\"><span class=\"alert-icon\"><i class=\"awb-icon-check-circle\" aria-hidden=\"true\"><\/i><\/span><span class=\"fusion-alert-content\">Gr\u00e0cies pel seu missatge. S'ha enviat correctament.<\/span><\/div><button type=\"button\" class=\"close toggle-alert\" data-dismiss=\"alert\" aria-label=\"Close\">&times;<\/button><\/div><div class=\"fusion-alert alert error alert-danger fusion-alert-center fusion-form-response fusion-form-response-error awb-alert-native-link-color alert-dismissable awb-alert-close-boxed\" role=\"alert\"><div class=\"fusion-alert-content-wrapper\"><span class=\"alert-icon\"><i class=\"awb-icon-exclamation-triangle\" aria-hidden=\"true\"><\/i><\/span><span class=\"fusion-alert-content\">Hi ha hagut algun error enviant el missatge. Provi-ho m\u00e9s tard si us plau.<\/span><\/div><button type=\"button\" class=\"close toggle-alert\" data-dismiss=\"alert\" aria-label=\"Close\">&times;<\/button><\/div><\/div><\/div><\/div><\/div><\/div><\/form><\/div><\/div><\/div><\/div><\/div>\n","protected":false},"excerpt":{"rendered":"","protected":false},"author":2,"featured_media":0,"parent":0,"menu_order":0,"comment_status":"closed","ping_status":"closed","template":"100-width.php","meta":{"footnotes":""},"class_list":["post-2375","page","type-page","status-publish","hentry"],"yoast_head":"<!-- This site is optimized with the Yoast SEO plugin v27.6 - https:\/\/yoast.com\/product\/yoast-seo-wordpress\/ -->\n<title>Vols treballar a BRM? - Grup BRM | La Cl\u00ednica<\/title>\n<meta name=\"description\" content=\"Vols treballar amb nosaltres? Vols unir-te al nostre equip? A la Cl\u00ednica BRM ens apassiona el nostre treball. Estem buscant professionals...\" \/>\n<meta name=\"robots\" content=\"index, follow, max-snippet:-1, max-image-preview:large, max-video-preview:-1\" \/>\n<link rel=\"canonical\" href=\"https:\/\/grupbrm.cat\/clinica\/vols-treballar-a-brm\/\" \/>\n<meta property=\"og:locale\" content=\"ca_ES\" \/>\n<meta property=\"og:type\" content=\"article\" \/>\n<meta property=\"og:title\" content=\"Vols treballar a BRM? - Grup BRM | La Cl\u00ednica\" \/>\n<meta property=\"og:description\" content=\"Vols treballar amb nosaltres? Vols unir-te al nostre equip? A la Cl\u00ednica BRM ens apassiona el nostre treball. Estem buscant professionals...\" \/>\n<meta property=\"og:url\" content=\"https:\/\/grupbrm.cat\/clinica\/vols-treballar-a-brm\/\" \/>\n<meta property=\"og:site_name\" content=\"Grup BRM | La Cl\u00ednica\" \/>\n<meta property=\"article:modified_time\" content=\"2024-03-19T13:59:44+00:00\" \/>\n<meta name=\"twitter:card\" content=\"summary_large_image\" \/>\n<meta name=\"twitter:label1\" content=\"Temps estimat de lectura\" \/>\n\t<meta name=\"twitter:data1\" content=\"1 minut\" \/>\n<script type=\"application\/ld+json\" class=\"yoast-schema-graph\">{\"@context\":\"https:\\\/\\\/schema.org\",\"@graph\":[{\"@type\":\"WebPage\",\"@id\":\"https:\\\/\\\/grupbrm.cat\\\/clinica\\\/vols-treballar-a-brm\\\/\",\"url\":\"https:\\\/\\\/grupbrm.cat\\\/clinica\\\/vols-treballar-a-brm\\\/\",\"name\":\"Vols treballar a BRM? - Grup BRM | La Cl\u00ednica\",\"isPartOf\":{\"@id\":\"https:\\\/\\\/grupbrm.cat\\\/clinica\\\/#website\"},\"datePublished\":\"2024-03-06T06:36:21+00:00\",\"dateModified\":\"2024-03-19T13:59:44+00:00\",\"description\":\"Vols treballar amb nosaltres? Vols unir-te al nostre equip? A la Cl\u00ednica BRM ens apassiona el nostre treball. Estem buscant professionals...\",\"breadcrumb\":{\"@id\":\"https:\\\/\\\/grupbrm.cat\\\/clinica\\\/vols-treballar-a-brm\\\/#breadcrumb\"},\"inLanguage\":\"ca\",\"potentialAction\":[{\"@type\":\"ReadAction\",\"target\":[\"https:\\\/\\\/grupbrm.cat\\\/clinica\\\/vols-treballar-a-brm\\\/\"]}]},{\"@type\":\"BreadcrumbList\",\"@id\":\"https:\\\/\\\/grupbrm.cat\\\/clinica\\\/vols-treballar-a-brm\\\/#breadcrumb\",\"itemListElement\":[{\"@type\":\"ListItem\",\"position\":1,\"name\":\"Portada\",\"item\":\"https:\\\/\\\/grupbrm.cat\\\/clinica\\\/\"},{\"@type\":\"ListItem\",\"position\":2,\"name\":\"Vols treballar a BRM?\"}]},{\"@type\":\"WebSite\",\"@id\":\"https:\\\/\\\/grupbrm.cat\\\/clinica\\\/#website\",\"url\":\"https:\\\/\\\/grupbrm.cat\\\/clinica\\\/\",\"name\":\"Grup BRM | La Cl\u00ednica\",\"description\":\"La Cl\u00ednica\",\"potentialAction\":[{\"@type\":\"SearchAction\",\"target\":{\"@type\":\"EntryPoint\",\"urlTemplate\":\"https:\\\/\\\/grupbrm.cat\\\/clinica\\\/?s={search_term_string}\"},\"query-input\":{\"@type\":\"PropertyValueSpecification\",\"valueRequired\":true,\"valueName\":\"search_term_string\"}}],\"inLanguage\":\"ca\"}]}<\/script>\n<!-- \/ Yoast SEO plugin. -->","yoast_head_json":{"title":"Vols treballar a BRM? - Grup BRM | La Cl\u00ednica","description":"Vols treballar amb nosaltres? Vols unir-te al nostre equip? A la Cl\u00ednica BRM ens apassiona el nostre treball. Estem buscant professionals...","robots":{"index":"index","follow":"follow","max-snippet":"max-snippet:-1","max-image-preview":"max-image-preview:large","max-video-preview":"max-video-preview:-1"},"canonical":"https:\/\/grupbrm.cat\/clinica\/vols-treballar-a-brm\/","og_locale":"ca_ES","og_type":"article","og_title":"Vols treballar a BRM? - Grup BRM | La Cl\u00ednica","og_description":"Vols treballar amb nosaltres? Vols unir-te al nostre equip? A la Cl\u00ednica BRM ens apassiona el nostre treball. Estem buscant professionals...","og_url":"https:\/\/grupbrm.cat\/clinica\/vols-treballar-a-brm\/","og_site_name":"Grup BRM | La Cl\u00ednica","article_modified_time":"2024-03-19T13:59:44+00:00","twitter_card":"summary_large_image","twitter_misc":{"Temps estimat de lectura":"1 minut"},"schema":{"@context":"https:\/\/schema.org","@graph":[{"@type":"WebPage","@id":"https:\/\/grupbrm.cat\/clinica\/vols-treballar-a-brm\/","url":"https:\/\/grupbrm.cat\/clinica\/vols-treballar-a-brm\/","name":"Vols treballar a BRM? - Grup BRM | La Cl\u00ednica","isPartOf":{"@id":"https:\/\/grupbrm.cat\/clinica\/#website"},"datePublished":"2024-03-06T06:36:21+00:00","dateModified":"2024-03-19T13:59:44+00:00","description":"Vols treballar amb nosaltres? Vols unir-te al nostre equip? A la Cl\u00ednica BRM ens apassiona el nostre treball. Estem buscant professionals...","breadcrumb":{"@id":"https:\/\/grupbrm.cat\/clinica\/vols-treballar-a-brm\/#breadcrumb"},"inLanguage":"ca","potentialAction":[{"@type":"ReadAction","target":["https:\/\/grupbrm.cat\/clinica\/vols-treballar-a-brm\/"]}]},{"@type":"BreadcrumbList","@id":"https:\/\/grupbrm.cat\/clinica\/vols-treballar-a-brm\/#breadcrumb","itemListElement":[{"@type":"ListItem","position":1,"name":"Portada","item":"https:\/\/grupbrm.cat\/clinica\/"},{"@type":"ListItem","position":2,"name":"Vols treballar a BRM?"}]},{"@type":"WebSite","@id":"https:\/\/grupbrm.cat\/clinica\/#website","url":"https:\/\/grupbrm.cat\/clinica\/","name":"Grup BRM | La Cl\u00ednica","description":"La Cl\u00ednica","potentialAction":[{"@type":"SearchAction","target":{"@type":"EntryPoint","urlTemplate":"https:\/\/grupbrm.cat\/clinica\/?s={search_term_string}"},"query-input":{"@type":"PropertyValueSpecification","valueRequired":true,"valueName":"search_term_string"}}],"inLanguage":"ca"}]}},"_links":{"self":[{"href":"https:\/\/grupbrm.cat\/clinica\/wp-json\/wp\/v2\/pages\/2375","targetHints":{"allow":["GET"]}}],"collection":[{"href":"https:\/\/grupbrm.cat\/clinica\/wp-json\/wp\/v2\/pages"}],"about":[{"href":"https:\/\/grupbrm.cat\/clinica\/wp-json\/wp\/v2\/types\/page"}],"author":[{"embeddable":true,"href":"https:\/\/grupbrm.cat\/clinica\/wp-json\/wp\/v2\/users\/2"}],"replies":[{"embeddable":true,"href":"https:\/\/grupbrm.cat\/clinica\/wp-json\/wp\/v2\/comments?post=2375"}],"version-history":[{"count":5,"href":"https:\/\/grupbrm.cat\/clinica\/wp-json\/wp\/v2\/pages\/2375\/revisions"}],"predecessor-version":[{"id":2817,"href":"https:\/\/grupbrm.cat\/clinica\/wp-json\/wp\/v2\/pages\/2375\/revisions\/2817"}],"wp:attachment":[{"href":"https:\/\/grupbrm.cat\/clinica\/wp-json\/wp\/v2\/media?parent=2375"}],"curies":[{"name":"wp","href":"https:\/\/api.w.org\/{rel}","templated":true}]}}