{"id":1370,"date":"2024-02-09T08:12:08","date_gmt":"2024-02-09T07:12:08","guid":{"rendered":"https:\/\/grupbrm.cat\/clinica\/?page_id=1370"},"modified":"2024-02-09T08:13:03","modified_gmt":"2024-02-09T07:13:03","slug":"politica-de-privacitat","status":"publish","type":"page","link":"https:\/\/grupbrm.cat\/clinica\/politica-de-privacitat\/","title":{"rendered":"Pol\u00edtica de Privacitat"},"content":{"rendered":"<p>BRM PREVIFORM SL, informa els usuaris del lloc web sobre la seva pol\u00edtica respecte al tractament i protecci\u00f3 de les dades de car\u00e0cter personal dels usuaris i clients.<\/p>\n<p>I garanteix en tot moment l\u2019\u00edntegre i ple compliment de les obligacions disposades per la normativa de protecci\u00f3 de dades i serveis de la societat de la informaci\u00f3: Reglament (UE) 2016\/679 del Parlament Europeu i del Consell, de 27 d\u2019abril de 2016, relatiu a la protecci\u00f3 de les persones f\u00edsiques pel que fa al tractament de dades personals i a la lliure circulaci\u00f3 d\u2019aquestes dades (RGPD), la normativa Llei Org\u00e0nica 3\/2018, de 5 de desembre, de Protecci\u00f3 de Dades Personals i garantia dels drets digitals (LOPDGDD) i la Llei 34\/2002, d\u201911 de juliol, de Serveis de la Societat de la Informaci\u00f3 i del Comer\u00e7 Electr\u00f2nic (LSSIce).<\/p>\n<p><strong>RESPONSABLE DEL TRACTAMENT<\/strong><\/p>\n<p>BRM PREVIFORM SL.<\/p>\n<p>Domicili:<a href=\"https:\/\/www.google.es\/maps\/place\/Acad%C3%A8mia+BRM\/@41.0875543,0.6310205,17z\/data=!4m10!1m2!2m1!1sbrm+!3m6!1s0x12a127adf31f8455:0xffd12d175fb19df8!8m2!3d41.08758!4d0.63574!15sCgNicm3gAQA!16s%2Fg%2F11p779pzjw?entry=ttu\" target=\"_blank\" rel=\"noopener\"> Avgda. Comarques Catalanes 74 bx 43740 \u2013 M\u00f3ra d\u2019Ebre<\/a><\/p>\n<p>Tel\u00e8fon: 977402291 \u2013 722389015<\/p>\n<p>Correu electr\u00f2nic: <a href=\"mailto:japeig@grupbrm.com\" target=\"_blank\" rel=\"noopener\">japeig@grupbrm.com<\/a><\/p>\n<p><strong>FINALITATS DEL TRACTAMENT DE LES DADES<\/strong><\/p>\n<p>Les dades facilitades per l\u2019Usuari s\u00f3n utilitzats per diverses finalitats que s\u2019enumeren a continuaci\u00f3:<\/p>\n<table width=\"876\">\n<tbody>\n<tr>\n<td width=\"436\"><strong>Finalitat del tractament<\/strong><\/td>\n<td width=\"439\"><strong>Base jur\u00eddica per al tractament<\/strong><\/td>\n<\/tr>\n<tr>\n<td width=\"436\">Gestionar les consultes plantejades a trav\u00e9s del formulari de consulta<\/td>\n<td width=\"439\">Inter\u00e8s leg\u00edtim de la Societat per a atendre els requeriments d\u2019informaci\u00f3 a trav\u00e9s de la web.<\/p>\n<p>Consentiment prestat de manera expressa en el moment de recollida de les dades a trav\u00e9s dels formularis web.<\/td>\n<\/tr>\n<tr>\n<td width=\"436\">Enviament de newsletters, comunicacions comercials i promocions.<\/td>\n<td width=\"439\">Consentiment prestat de manera expressa en el moment de recollida de les dades a trav\u00e9s dels formularis web.<\/td>\n<\/tr>\n<tr>\n<td width=\"436\">Gestionar les incid\u00e8ncies i el manteniment de la web.<\/td>\n<td width=\"439\">Inter\u00e8s leg\u00edtim de la Societat.<\/p>\n<p>&nbsp;<\/td>\n<\/tr>\n<\/tbody>\n<\/table>\n<p><strong>TERMINI DE CONSERVACI\u00d3 DE LES DADES<\/strong><\/p>\n<table width=\"876\">\n<tbody>\n<tr>\n<td width=\"436\"><strong>Finalitat del tractament<\/strong><\/td>\n<td width=\"439\"><strong>Termini de conservaci\u00f3<\/strong><\/td>\n<\/tr>\n<tr>\n<td width=\"436\">Gestionar les consultes plantejades a trav\u00e9s del formulari de consulta<\/td>\n<td width=\"439\">Tractarem les teves dades durant el temps que sigui necessari per a atendre la teva sol\u00b7licitud o petici\u00f3.<\/td>\n<\/tr>\n<tr>\n<td width=\"436\">Enviament de newsletters, comunicacions comercials i promocions.<\/td>\n<td width=\"439\">Tractarem les teves dades fins que et donis de baixa.<\/td>\n<\/tr>\n<tr>\n<td width=\"436\">Gestionar les incid\u00e8ncies i el manteniment de la web.<\/td>\n<td width=\"439\">Tractarem les seves dades durant el temps necessari per a complir els terminis legals de prescripci\u00f3 que li resultin d\u2019aplicaci\u00f3.<\/td>\n<\/tr>\n<\/tbody>\n<\/table>\n<p><strong>DESTINATARIS DE LES DADES<\/strong><\/p>\n<p>Per a complir les finalitats indicades en la present Pol\u00edtica de Privacitat, \u00e9s necessari que donem acc\u00e9s a les teves dades personals a terceres parts que ens donin suport en els serveis que t\u2019oferim (Encarats de Tractament).<\/p>\n<p>Els encarregats de tractament per a l\u2019execuci\u00f3 d\u2019un contracte o prestaci\u00f3 d\u2019un servei al Responsable, seguint per aix\u00f2 les seves instruccions en tot moment i assegurant els mateixos nivells de seguretat.<\/p>\n<p><strong>DRETS DELS USUARIS<\/strong><\/p>\n<p>L\u2019usuari t\u00e9 dret a:<\/p>\n<ul>\n<li>Sol\u00b7licitar l\u2019acc\u00e9s a les seves dades personals que s\u2019estan tractant i rebre aquesta informaci\u00f3 per escrit pel mitj\u00e0 sol\u00b7licitat.<\/li>\n<li>Sol\u00b7licitar la rectificaci\u00f3 de les dades personals inexactes o, si escau, sol\u00b7licitar la seva supressi\u00f3 quan, entre altres motius, les dades ja no siguin necessaris per a la finalitat pels quals van ser recollits.<\/li>\n<li>Sol\u00b7licitar la limitaci\u00f3 del tractament de les seves dades.<\/li>\n<li>Oposar-se al tractament de les seves dades personals quan escaigui, en aquest cas es deixaran de tractar les seves dades excepte per motius leg\u00edtims.<\/li>\n<li>Dret a la portabilitat de les dades. L\u2019interessat\/interessada t\u00e9 dret a rebre les dades personals si han estat facilitades en un format estructurat, d\u2019\u00fas com\u00fa i de lectura mec\u00e0nica, i a transmetre-les a un altre responsable, si es compleixen els requisits seg\u00fcents:<\/li>\n<\/ul>\n<ol>\n<li>El tractament es basa en el consentiment o en un contracte.<\/li>\n<li>El tractament es fa per mitjans automatitzats.<\/li>\n<\/ol>\n<ul>\n<li>Dret a retirar el consentiment prestat.<\/li>\n<li>Dret a reclamar davant l\u2019Ag\u00e8ncia Espanyola de Protecci\u00f3 de Dades.<\/li>\n<\/ul>\n<p>L\u2019Usuari pot exercitar els drets anteriorment indicats a l\u2019adre\u00e7a de correu postal o electr\u00f2nica del Responsable, acreditant la seva identitat amb una c\u00f2pia escanejada del seu DNI o document equivalent, i especificant el dret que desitja exercir.<\/p>\n<p><strong>PROCED\u00c8NCIA DE LES DADES<\/strong><\/p>\n<p>Les dades personals han de ser facilitades pel propi interessat de forma absolutament volunt\u00e0ria. La manca d\u2019algunes dades o la no resposta de preguntes que puguin formular-se a la persona interessada en els processos de registre o a trav\u00e9s de formularis electr\u00f2nics, pot provocar la impossibilitat d\u2019acc\u00e9s a determinats serveis per a la prestaci\u00f3 dels quals \u00e9s imprescindible de disposar d\u2019aquestes dades de car\u00e0cter personal. En aquest cas, el Responsable del Tractament ha d\u2019informar del car\u00e0cter obligatori o necessari de facilitar les dades personals per al funcionament del servei.<\/p>\n<p>El Responsable assegura la confidencialitat de les seves dades personals i garanteix la seguretat d\u2019aquests, adoptant les mesures necess\u00e0ries per a evitar la seva alteraci\u00f3, p\u00e8rdua, tractament o acc\u00e9s no autoritzat.<\/p>\n<p><strong>INFORMACI\u00d3 FACILITADA PER L\u2019INTERESSAT\/INTERESSADA<\/strong><\/p>\n<p>Els i les menors de 18 anys no poden cedir les seves dades personals sense el previ consentiment del seu pare\/mare i\/o tutors legals.<\/p>\n<p>L\u2019interessat\/interessada introduint les seves dades en els formularis de contacte o presentats en formularis de desc\u00e0rrega, accepten expressament i de forma lliure i inequ\u00edvoca que les seves dades s\u00f3n necess\u00e0ries perqu\u00e8 el Responsable atengui la seva petici\u00f3, i \u00e9s volunt\u00e0ria la inclusi\u00f3 de dades en els camps restants.<\/p>\n<p>L\u2019interessat\/interessada garanteix que les dades personals facilitades al prestador s\u00f3n veraces i es fa responsable de comunicar qualsevol modificaci\u00f3 d\u2019aquestes.<\/p>\n<p>Totes les dades sol\u00b7licitades a trav\u00e9s del lloc web s\u00f3n necessaris per a la prestaci\u00f3 d\u2019un servei \u00f2ptim a l\u2019interessat\/interessada. En cas que no siguin facilitades totes les dades, no es garanteix que la informaci\u00f3 i serveis que El responsable li faciliti, siguin completament ajustats a les seves necessitats.<\/p>\n<p><strong>MESURES DE SEGURETAT<\/strong><\/p>\n<p>Que de conformitat amb el que disposen les normatives vigents en mat\u00e8ria de protecci\u00f3 de dades personals, El Responsable est\u00e0 complint amb totes les disposicions de les normatives RGPD i LOPDGDD per al tractament de les dades personals de la seva responsabilitat, i manifestament amb els principis descrits en l\u2019article 5 del RGPD i en l\u2019article 4 de la LOPDGDD, pels quals s\u00f3n tractats de manera l\u00edcita, lleial i transparent en relaci\u00f3 amb l\u2019interessat i adequades, pertinents i limitats al que \u00e9s necessari en relaci\u00f3 amb els fins per als quals s\u00f3n tractats.<\/p>\n<p>El responsable garanteix que ha implementat pol\u00edtiques t\u00e8cniques i organitzatives apropiades per aplicar les mesures de seguretat que estableixen el RGPD i la LOPDGDD per tal de protegir els drets i llibertats de l\u2019interessat\/interessadai els ha comunicat la informaci\u00f3 adequada perqu\u00e8 puguin exercir-los.<\/p>\n<p><strong>BRETXES DE SEGURETAT<\/strong><\/p>\n<p>El Responsable informar\u00e0 sobre qualsevol bretxa de seguretat que afecti la base de dades que utilitza aquest lloc web, o que afecti a qualsevol dels nostres serveis de tercers, a totes i cadascuna de les persones, dades dels quals puguin haver estat afectades, i autoritats, dins de les 72 hores seg\u00fcents a la detecci\u00f3 de la bretxa.<\/p>\n<p><strong>LEGISLACI\u00d3 APLICABLE I JURISDICCI\u00d3<\/strong><\/p>\n<p>Per a la resoluci\u00f3 de totes les controv\u00e8rsies o q\u00fcestions relacionades amb el present lloc web o de les activitats en ell desenvolupades, ser\u00e0 d\u2019aplicaci\u00f3 la legislaci\u00f3 espanyola, a la qual se sotmeten expressament les parts, sent competents per a la resoluci\u00f3 de tots els conflictes derivats o relacionats amb el seu \u00fas els Jutjats i Tribunals de Tarragona.<\/p>\n","protected":false},"excerpt":{"rendered":"<p>BRM PREVIFORM SL, informa els usuaris del lloc web sobre<\/p>\n","protected":false},"author":2,"featured_media":0,"parent":0,"menu_order":0,"comment_status":"closed","ping_status":"closed","template":"","meta":{"footnotes":""},"class_list":["post-1370","page","type-page","status-publish","hentry"],"yoast_head":"<!-- This site is optimized with the Yoast SEO plugin v27.6 - https:\/\/yoast.com\/product\/yoast-seo-wordpress\/ -->\n<title>Pol\u00edtica de Privacitat - Grup BRM | La Cl\u00ednica<\/title>\n<meta name=\"description\" content=\"BRM PREVIFORM SL, informa els usuaris del lloc web sobre la seva pol\u00edtica respecte al tractament i protecci\u00f3 de les dades de car\u00e0cter...\" \/>\n<meta name=\"robots\" content=\"index, follow, max-snippet:-1, max-image-preview:large, max-video-preview:-1\" \/>\n<link rel=\"canonical\" href=\"https:\/\/grupbrm.cat\/clinica\/politica-de-privacitat\/\" \/>\n<meta property=\"og:locale\" content=\"ca_ES\" \/>\n<meta property=\"og:type\" content=\"article\" \/>\n<meta property=\"og:title\" content=\"Pol\u00edtica de Privacitat - Grup BRM | La Cl\u00ednica\" \/>\n<meta property=\"og:description\" content=\"BRM PREVIFORM SL, informa els usuaris del lloc web sobre la seva pol\u00edtica respecte al tractament i protecci\u00f3 de les dades de car\u00e0cter...\" \/>\n<meta property=\"og:url\" content=\"https:\/\/grupbrm.cat\/clinica\/politica-de-privacitat\/\" \/>\n<meta property=\"og:site_name\" content=\"Grup BRM | La Cl\u00ednica\" \/>\n<meta property=\"article:modified_time\" content=\"2024-02-09T07:13:03+00:00\" \/>\n<meta name=\"twitter:card\" content=\"summary_large_image\" \/>\n<meta name=\"twitter:label1\" content=\"Temps estimat de lectura\" \/>\n\t<meta name=\"twitter:data1\" content=\"6 minuts\" \/>\n<script type=\"application\/ld+json\" class=\"yoast-schema-graph\">{\"@context\":\"https:\\\/\\\/schema.org\",\"@graph\":[{\"@type\":\"WebPage\",\"@id\":\"https:\\\/\\\/grupbrm.cat\\\/clinica\\\/politica-de-privacitat\\\/\",\"url\":\"https:\\\/\\\/grupbrm.cat\\\/clinica\\\/politica-de-privacitat\\\/\",\"name\":\"Pol\u00edtica de Privacitat - Grup BRM | La Cl\u00ednica\",\"isPartOf\":{\"@id\":\"https:\\\/\\\/grupbrm.cat\\\/clinica\\\/#website\"},\"datePublished\":\"2024-02-09T07:12:08+00:00\",\"dateModified\":\"2024-02-09T07:13:03+00:00\",\"description\":\"BRM PREVIFORM SL, informa els usuaris del lloc web sobre la seva pol\u00edtica respecte al tractament i protecci\u00f3 de les dades de car\u00e0cter...\",\"breadcrumb\":{\"@id\":\"https:\\\/\\\/grupbrm.cat\\\/clinica\\\/politica-de-privacitat\\\/#breadcrumb\"},\"inLanguage\":\"ca\",\"potentialAction\":[{\"@type\":\"ReadAction\",\"target\":[\"https:\\\/\\\/grupbrm.cat\\\/clinica\\\/politica-de-privacitat\\\/\"]}]},{\"@type\":\"BreadcrumbList\",\"@id\":\"https:\\\/\\\/grupbrm.cat\\\/clinica\\\/politica-de-privacitat\\\/#breadcrumb\",\"itemListElement\":[{\"@type\":\"ListItem\",\"position\":1,\"name\":\"Portada\",\"item\":\"https:\\\/\\\/grupbrm.cat\\\/clinica\\\/\"},{\"@type\":\"ListItem\",\"position\":2,\"name\":\"Pol\u00edtica de Privacitat\"}]},{\"@type\":\"WebSite\",\"@id\":\"https:\\\/\\\/grupbrm.cat\\\/clinica\\\/#website\",\"url\":\"https:\\\/\\\/grupbrm.cat\\\/clinica\\\/\",\"name\":\"Grup BRM | La Cl\u00ednica\",\"description\":\"La Cl\u00ednica\",\"potentialAction\":[{\"@type\":\"SearchAction\",\"target\":{\"@type\":\"EntryPoint\",\"urlTemplate\":\"https:\\\/\\\/grupbrm.cat\\\/clinica\\\/?s={search_term_string}\"},\"query-input\":{\"@type\":\"PropertyValueSpecification\",\"valueRequired\":true,\"valueName\":\"search_term_string\"}}],\"inLanguage\":\"ca\"}]}<\/script>\n<!-- \/ Yoast SEO plugin. -->","yoast_head_json":{"title":"Pol\u00edtica de Privacitat - Grup BRM | La Cl\u00ednica","description":"BRM PREVIFORM SL, informa els usuaris del lloc web sobre la seva pol\u00edtica respecte al tractament i protecci\u00f3 de les dades de car\u00e0cter...","robots":{"index":"index","follow":"follow","max-snippet":"max-snippet:-1","max-image-preview":"max-image-preview:large","max-video-preview":"max-video-preview:-1"},"canonical":"https:\/\/grupbrm.cat\/clinica\/politica-de-privacitat\/","og_locale":"ca_ES","og_type":"article","og_title":"Pol\u00edtica de Privacitat - Grup BRM | La Cl\u00ednica","og_description":"BRM PREVIFORM SL, informa els usuaris del lloc web sobre la seva pol\u00edtica respecte al tractament i protecci\u00f3 de les dades de car\u00e0cter...","og_url":"https:\/\/grupbrm.cat\/clinica\/politica-de-privacitat\/","og_site_name":"Grup BRM | La Cl\u00ednica","article_modified_time":"2024-02-09T07:13:03+00:00","twitter_card":"summary_large_image","twitter_misc":{"Temps estimat de lectura":"6 minuts"},"schema":{"@context":"https:\/\/schema.org","@graph":[{"@type":"WebPage","@id":"https:\/\/grupbrm.cat\/clinica\/politica-de-privacitat\/","url":"https:\/\/grupbrm.cat\/clinica\/politica-de-privacitat\/","name":"Pol\u00edtica de Privacitat - Grup BRM | La Cl\u00ednica","isPartOf":{"@id":"https:\/\/grupbrm.cat\/clinica\/#website"},"datePublished":"2024-02-09T07:12:08+00:00","dateModified":"2024-02-09T07:13:03+00:00","description":"BRM PREVIFORM SL, informa els usuaris del lloc web sobre la seva pol\u00edtica respecte al tractament i protecci\u00f3 de les dades de car\u00e0cter...","breadcrumb":{"@id":"https:\/\/grupbrm.cat\/clinica\/politica-de-privacitat\/#breadcrumb"},"inLanguage":"ca","potentialAction":[{"@type":"ReadAction","target":["https:\/\/grupbrm.cat\/clinica\/politica-de-privacitat\/"]}]},{"@type":"BreadcrumbList","@id":"https:\/\/grupbrm.cat\/clinica\/politica-de-privacitat\/#breadcrumb","itemListElement":[{"@type":"ListItem","position":1,"name":"Portada","item":"https:\/\/grupbrm.cat\/clinica\/"},{"@type":"ListItem","position":2,"name":"Pol\u00edtica de Privacitat"}]},{"@type":"WebSite","@id":"https:\/\/grupbrm.cat\/clinica\/#website","url":"https:\/\/grupbrm.cat\/clinica\/","name":"Grup BRM | La Cl\u00ednica","description":"La Cl\u00ednica","potentialAction":[{"@type":"SearchAction","target":{"@type":"EntryPoint","urlTemplate":"https:\/\/grupbrm.cat\/clinica\/?s={search_term_string}"},"query-input":{"@type":"PropertyValueSpecification","valueRequired":true,"valueName":"search_term_string"}}],"inLanguage":"ca"}]}},"_links":{"self":[{"href":"https:\/\/grupbrm.cat\/clinica\/wp-json\/wp\/v2\/pages\/1370","targetHints":{"allow":["GET"]}}],"collection":[{"href":"https:\/\/grupbrm.cat\/clinica\/wp-json\/wp\/v2\/pages"}],"about":[{"href":"https:\/\/grupbrm.cat\/clinica\/wp-json\/wp\/v2\/types\/page"}],"author":[{"embeddable":true,"href":"https:\/\/grupbrm.cat\/clinica\/wp-json\/wp\/v2\/users\/2"}],"replies":[{"embeddable":true,"href":"https:\/\/grupbrm.cat\/clinica\/wp-json\/wp\/v2\/comments?post=1370"}],"version-history":[{"count":2,"href":"https:\/\/grupbrm.cat\/clinica\/wp-json\/wp\/v2\/pages\/1370\/revisions"}],"predecessor-version":[{"id":1372,"href":"https:\/\/grupbrm.cat\/clinica\/wp-json\/wp\/v2\/pages\/1370\/revisions\/1372"}],"wp:attachment":[{"href":"https:\/\/grupbrm.cat\/clinica\/wp-json\/wp\/v2\/media?parent=1370"}],"curies":[{"name":"wp","href":"https:\/\/api.w.org\/{rel}","templated":true}]}}